{"id":12,"date":"2022-05-26T00:51:44","date_gmt":"2022-05-25T22:51:35","guid":{"rendered":"https:\/\/www.krgprojects.com\/?page_id=12"},"modified":"2022-06-02T09:38:25","modified_gmt":"2022-06-02T07:38:25","slug":"visite-par-piece","status":"publish","type":"page","link":"https:\/\/www.krgprojects.com\/index.php\/visite-par-piece\/","title":{"rendered":"Visite pi\u00e8ce par pi\u00e8ce"},"content":{"rendered":"\n<ul class=\"wp-block-list\"><li><a href=\"https:\/\/www.krgprojects.com\/index.php\/henry13-votre-super-colocation-a-angers\/rdc\/\" data-type=\"page\" data-id=\"192\">RDC<\/a><\/li><li><span style=\"color: initial;\"><a href=\"https:\/\/www.krgprojects.com\/index.php\/visite-par-piece\/1er-etage\/\" data-type=\"page\" data-id=\"194\">1er \u00e9tage<\/a><\/span><ul><li><a href=\"https:\/\/www.krgprojects.com\/index.php\/henry13-votre-super-colocation-a-angers\/1er-etage\/buanderie\/\" data-type=\"page\" data-id=\"212\">Buanderie<\/a><\/li><li><a href=\"https:\/\/www.krgprojects.com\/index.php\/henry13-votre-super-colocation-a-angers\/1er-etage\/chambre-1\/\" data-type=\"URL\">Chambre 1<\/a><\/li><li><a href=\"https:\/\/www.krgprojects.com\/index.php\/henry13-votre-super-colocation-a-angers\/1er-etage\/chambre-2\/\">Chambre 2<\/a><\/li><li><a href=\"https:\/\/www.krgprojects.com\/index.php\/henry13-votre-super-colocation-a-angers\/1er-etage\/sdb-1\/\">Salle de bain<\/a><\/li><\/ul><\/li><li><a href=\"https:\/\/www.krgprojects.com\/index.php\/visite-par-piece\/2eme-etage\/\" data-type=\"page\" data-id=\"196\">2\u00e8me \u00e9tage<\/a><ul><li><a href=\"https:\/\/www.krgprojects.com\/index.php\/henry13-votre-super-colocation-a-angers\/2eme-etage\/chambre-3\/\">Chambre 3<\/a><\/li><li><a href=\"https:\/\/www.krgprojects.com\/index.php\/henry13-votre-super-colocation-a-angers\/2eme-etage\/chambre-4\/\">Chambre 4<\/a><\/li><li><a href=\"https:\/\/www.krgprojects.com\/index.php\/henry13-votre-super-colocation-a-angers\/2eme-etage\/chambre-5\/\">Chambre 5<\/a><\/li><li><a href=\"https:\/\/www.krgprojects.com\/index.php\/henry13-votre-super-colocation-a-angers\/2eme-etage\/sdb-2\/\">Salle de bain<\/a><\/li><\/ul><\/li><li><a href=\"https:\/\/www.krgprojects.com\/index.php\/henry13-votre-super-colocation-a-angers\/3eme-etage\/\" data-type=\"page\" data-id=\"198\">3\u00e8me \u00e9tage<\/a> (appartement)<ul><li>Escalier<\/li><li>Cuisine<\/li><li>Salon\/Chambre : grande pi\u00e8ce de 18m2 partag\u00e9e en 1 chambre et 1 salon<\/li><li>Salle de bains<\/li><\/ul><\/li><\/ul>\n\n\n\n<p>En outre, vous avez \u00e9galement acc\u00e8s aux parties suivantes :<\/p>\n\n\n\n<ul class=\"wp-block-list\"><li><a href=\"https:\/\/www.krgprojects.com\/index.php\/visite-par-piece\/jardin-2\/\" data-type=\"page\" data-id=\"190\">Jardin<\/a> : accessible au bout d&rsquo;un couloir ext\u00e9rieur \u00e0 partir de la cuisine, vous \u00eates litt\u00e9ralement dans un jardin au milieu des jardins. Vous \u00eates isol\u00e9 de la ville, vous n&rsquo;entendez plus que le bruit des oiseaux.<\/li><li><a href=\"https:\/\/www.krgprojects.com\/index.php\/visite-par-piece\/cave\/\" data-type=\"page\" data-id=\"188\">Cave<\/a> : c&rsquo;est l\u00e0 qu&rsquo;est le lave-linge. Vous pouvez ainsi faire vos lessives quelle que soit l&rsquo;heure. Pour s\u00e9cher le linge, direction la buanderie.<\/li><\/ul>\n","protected":false},"excerpt":{"rendered":"<p>RDC 1er \u00e9tage Buanderie Chambre 1 Chambre 2 Salle de bain 2\u00e8me \u00e9tage Chambre 3 Chambre 4 Chambre 5 Salle de bain 3\u00e8me \u00e9tage (appartement) Escalier Cuisine Salon\/Chambre : grande pi\u00e8ce de 18m2 partag\u00e9e en 1 chambre et 1 salon Salle de bains En outre, vous avez \u00e9galement acc\u00e8s aux parties suivantes : Jardin : &hellip; <\/p>\n<p class=\"link-more\"><a href=\"https:\/\/www.krgprojects.com\/index.php\/visite-par-piece\/\" class=\"more-link\">Lire la suite de<span class=\"screen-reader-text\">\u00ab\u00a0Visite pi\u00e8ce par pi\u00e8ce\u00a0\u00bb<\/span><\/a><\/p>\n","protected":false},"author":1,"featured_media":0,"parent":0,"menu_order":2,"comment_status":"closed","ping_status":"closed","template":"","meta":{"footnotes":""},"class_list":["post-12","page","type-page","status-publish","hentry"],"_links":{"self":[{"href":"https:\/\/www.krgprojects.com\/index.php\/wp-json\/wp\/v2\/pages\/12","targetHints":{"allow":["GET"]}}],"collection":[{"href":"https:\/\/www.krgprojects.com\/index.php\/wp-json\/wp\/v2\/pages"}],"about":[{"href":"https:\/\/www.krgprojects.com\/index.php\/wp-json\/wp\/v2\/types\/page"}],"author":[{"embeddable":true,"href":"https:\/\/www.krgprojects.com\/index.php\/wp-json\/wp\/v2\/users\/1"}],"replies":[{"embeddable":true,"href":"https:\/\/www.krgprojects.com\/index.php\/wp-json\/wp\/v2\/comments?post=12"}],"version-history":[{"count":16,"href":"https:\/\/www.krgprojects.com\/index.php\/wp-json\/wp\/v2\/pages\/12\/revisions"}],"predecessor-version":[{"id":336,"href":"https:\/\/www.krgprojects.com\/index.php\/wp-json\/wp\/v2\/pages\/12\/revisions\/336"}],"wp:attachment":[{"href":"https:\/\/www.krgprojects.com\/index.php\/wp-json\/wp\/v2\/media?parent=12"}],"curies":[{"name":"wp","href":"https:\/\/api.w.org\/{rel}","templated":true}]}}