{"id":133,"date":"2022-05-26T01:05:44","date_gmt":"2022-05-25T23:05:44","guid":{"rendered":"https:\/\/www.krgprojects.com\/?page_id=133"},"modified":"2022-05-26T10:32:41","modified_gmt":"2022-05-26T08:32:41","slug":"contact","status":"publish","type":"page","link":"https:\/\/www.krgprojects.com\/index.php\/contact\/","title":{"rendered":"Contact"},"content":{"rendered":"\n<div class=\"wp-block-contact-form-7-contact-form-selector\">\n<div class=\"wpcf7 no-js\" id=\"wpcf7-f155-o1\" lang=\"fr-FR\" dir=\"ltr\" data-wpcf7-id=\"155\">\n<div class=\"screen-reader-response\"><p role=\"status\" aria-live=\"polite\" aria-atomic=\"true\"><\/p> <ul><\/ul><\/div>\n<form action=\"\/index.php\/wp-json\/wp\/v2\/pages\/133#wpcf7-f155-o1\" method=\"post\" class=\"wpcf7-form init\" aria-label=\"Formulaire de contact\" novalidate=\"novalidate\" data-status=\"init\">\n<fieldset class=\"hidden-fields-container\"><input type=\"hidden\" name=\"_wpcf7\" value=\"155\" \/><input type=\"hidden\" name=\"_wpcf7_version\" value=\"6.1.4\" \/><input type=\"hidden\" name=\"_wpcf7_locale\" value=\"fr_FR\" \/><input type=\"hidden\" name=\"_wpcf7_unit_tag\" value=\"wpcf7-f155-o1\" \/><input type=\"hidden\" name=\"_wpcf7_container_post\" value=\"0\" \/><input type=\"hidden\" name=\"_wpcf7_posted_data_hash\" value=\"\" \/><input type=\"hidden\" name=\"_wpcf7cf_hidden_group_fields\" value=\"[]\" \/><input type=\"hidden\" name=\"_wpcf7cf_hidden_groups\" value=\"[]\" \/><input type=\"hidden\" name=\"_wpcf7cf_visible_groups\" value=\"[]\" \/><input type=\"hidden\" name=\"_wpcf7cf_repeaters\" value=\"[]\" \/><input type=\"hidden\" name=\"_wpcf7cf_steps\" value=\"{}\" \/><input type=\"hidden\" name=\"_wpcf7cf_options\" value=\"{&quot;form_id&quot;:155,&quot;conditions&quot;:[{&quot;then_field&quot;:&quot;etudiant&quot;,&quot;and_rules&quot;:[{&quot;if_field&quot;:&quot;situation&quot;,&quot;operator&quot;:&quot;equals&quot;,&quot;if_value&quot;:&quot;\\u00c9tudiant&quot;}]},{&quot;then_field&quot;:&quot;salarie&quot;,&quot;and_rules&quot;:[{&quot;if_field&quot;:&quot;situation&quot;,&quot;operator&quot;:&quot;equals&quot;,&quot;if_value&quot;:&quot;Salari\\u00e9&quot;}]}],&quot;settings&quot;:{&quot;animation&quot;:&quot;yes&quot;,&quot;animation_intime&quot;:200,&quot;animation_outtime&quot;:200,&quot;conditions_ui&quot;:&quot;normal&quot;,&quot;notice_dismissed&quot;:false}}\" \/>\n<\/fieldset>\n<p>Les champs avec une <span class=\"mandatory\">*<\/span> sont obligatoires.\n<\/p>\n<p><label> Votre nom et votre pr\u00e9nom<span class=\"mandatory\">*<\/span><br \/>\n<span class=\"wpcf7-form-control-wrap\" data-name=\"your-name\"><input size=\"40\" maxlength=\"400\" class=\"wpcf7-form-control wpcf7-text wpcf7-validates-as-required\" aria-required=\"true\" aria-invalid=\"false\" value=\"\" type=\"text\" name=\"your-name\" \/><\/span> <\/label>\n<\/p>\n<p><label> Votre e-mail<span class=\"mandatory\">*<\/span><br \/>\n<span class=\"wpcf7-form-control-wrap\" data-name=\"your-email\"><input size=\"40\" maxlength=\"400\" class=\"wpcf7-form-control wpcf7-email wpcf7-validates-as-required wpcf7-text wpcf7-validates-as-email\" aria-required=\"true\" aria-invalid=\"false\" value=\"\" type=\"email\" name=\"your-email\" \/><\/span> <\/label>\n<\/p>\n<p><label> Votre telephone<span class=\"mandatory\">*<\/span><br \/>\n<span class=\"wpcf7-form-control-wrap\" data-name=\"telephone\"><input size=\"40\" maxlength=\"400\" class=\"wpcf7-form-control wpcf7-text wpcf7-validates-as-required\" aria-required=\"true\" aria-invalid=\"false\" value=\"\" type=\"text\" name=\"telephone\" \/><\/span> <\/label>\n<\/p>\n<p><label> Votre date de naissance<span class=\"mandatory\">*<\/span><br \/>\n<span class=\"wpcf7-form-control-wrap\" data-name=\"date-de-naissance\"><input class=\"wpcf7-form-control wpcf7-date wpcf7-validates-as-required wpcf7-validates-as-date\" aria-required=\"true\" aria-invalid=\"false\" value=\"\" type=\"date\" name=\"date-de-naissance\" \/><\/span><\/label>\n<\/p>\n<p><label> Votre situation<br \/>\n<span class=\"wpcf7-form-control-wrap\" data-name=\"situation\"><select class=\"wpcf7-form-control wpcf7-select\" aria-invalid=\"false\" name=\"situation\"><option value=\"\u00c9tudiant\">\u00c9tudiant<\/option><option value=\"Salari\u00e9\">Salari\u00e9<\/option><\/select><\/span><\/label>\n<\/p>\n<div data-id=\"etudiant\" data-orig_data_id=\"etudiant\"  class=\"\" data-class=\"wpcf7cf_group\">\n\t<p><label> Quel est le nom de votre formation ?<br \/>\n<span class=\"wpcf7-form-control-wrap\" data-name=\"org-etudiant\"><input size=\"40\" maxlength=\"400\" class=\"wpcf7-form-control wpcf7-text wpcf7-validates-as-required\" aria-required=\"true\" aria-invalid=\"false\" value=\"\" type=\"text\" name=\"org-etudiant\" \/><\/span><\/label>\n\t<\/p>\n\t<p><label> O\u00f9 est-elle situ\u00e9e ?<br \/>\n<span class=\"wpcf7-form-control-wrap\" data-name=\"adresse-etudiant\"><textarea cols=\"40\" rows=\"3\" maxlength=\"2000\" class=\"wpcf7-form-control wpcf7-textarea wpcf7-validates-as-required\" aria-required=\"true\" aria-invalid=\"false\" name=\"adresse-etudiant\"><\/textarea><\/span><\/label>\n\t<\/p>\n<\/div>\n<div data-id=\"salarie\" data-orig_data_id=\"salarie\"  class=\"\" data-class=\"wpcf7cf_group\">\n\t<p><label> Quel est le nom de votre entreprise ?<br \/>\n<span class=\"wpcf7-form-control-wrap\" data-name=\"org-entreprise\"><input size=\"40\" maxlength=\"400\" class=\"wpcf7-form-control wpcf7-text wpcf7-validates-as-required\" aria-required=\"true\" aria-invalid=\"false\" value=\"\" type=\"text\" name=\"org-entreprise\" \/><\/span><\/label>\n\t<\/p>\n\t<p><label> O\u00f9 est-elle situ\u00e9e ?<br \/>\n<span class=\"wpcf7-form-control-wrap\" data-name=\"adresse-entreprise\"><textarea cols=\"40\" rows=\"3\" maxlength=\"2000\" class=\"wpcf7-form-control wpcf7-textarea wpcf7-validates-as-required\" aria-required=\"true\" aria-invalid=\"false\" name=\"adresse-entreprise\"><\/textarea><\/span><\/label>\n\t<\/p>\n<\/div>\n<p><label> Quelle(s) chambre(s) vous int\u00e9ressent ?<span class=\"mandatory\">*<\/span><br \/>\n<span class=\"wpcf7-form-control-wrap\" data-name=\"chambre\"><select class=\"wpcf7-form-control wpcf7-select\" aria-invalid=\"false\" multiple=\"multiple\" name=\"chambre[]\"><option value=\"Chambre 1 (loyer : 510 \u20ac + charges : 60 \u20ac)\">Chambre 1 (loyer : 510 \u20ac + charges : 60 \u20ac)<\/option><option value=\"Chambre 2 (loyer : 485 \u20ac + charges : 60 \u20ac)\">Chambre 2 (loyer : 485 \u20ac + charges : 60 \u20ac)<\/option><option value=\"Chambre 3 (loyer : 460 \u20ac + charges : 60 \u20ac)\">Chambre 3 (loyer : 460 \u20ac + charges : 60 \u20ac)<\/option><option value=\"Chambre 4 (loyer : 510 \u20ac + charges : 60 \u20ac)\">Chambre 4 (loyer : 510 \u20ac + charges : 60 \u20ac)<\/option><option value=\"Chambre 5 (loyer : 485 \u20ac + charges : 60 \u20ac)\">Chambre 5 (loyer : 485 \u20ac + charges : 60 \u20ac)<\/option><option value=\"Chambre 6 - appartement (loyer : 640 \u20ac + charges : 70 \u20ac)\">Chambre 6 - appartement (loyer : 640 \u20ac + charges : 70 \u20ac)<\/option><\/select><\/span><\/label>\n<\/p>\n<p><label> Date d'arriv\u00e9e souhait\u00e9e<span class=\"mandatory\">*<\/span><br \/>\n<span class=\"wpcf7-form-control-wrap\" data-name=\"date-arrivee-souhaitee\"><input class=\"wpcf7-form-control wpcf7-date wpcf7-validates-as-required wpcf7-validates-as-date\" aria-required=\"true\" aria-invalid=\"false\" value=\"\" type=\"date\" name=\"date-arrivee-souhaitee\" \/><\/span><\/label>\n<\/p>\n<p><label> Date de d\u00e9part pr\u00e9vue (stage, fin des cours...) si concern\u00e9<br \/>\n<span class=\"wpcf7-form-control-wrap\" data-name=\"date-depart-prevue\"><input class=\"wpcf7-form-control wpcf7-date wpcf7-validates-as-date\" aria-invalid=\"false\" value=\"\" type=\"date\" name=\"date-depart-prevue\" \/><\/span><\/label>\n<\/p>\n<p><label> Revenus ? Cautions ? Garants ?<span class=\"mandatory\">*<\/span><br \/>\n<span class=\"wpcf7-form-control-wrap\" data-name=\"ressources\"><textarea cols=\"40\" rows=\"3\" maxlength=\"2000\" class=\"wpcf7-form-control wpcf7-textarea wpcf7-validates-as-required\" aria-required=\"true\" aria-invalid=\"false\" name=\"ressources\"><\/textarea><\/span> <\/label>\n<\/p>\n<p><label> Autres informations (facultatif)<br \/>\n<span class=\"wpcf7-form-control-wrap\" data-name=\"your-message\"><textarea cols=\"40\" rows=\"3\" maxlength=\"2000\" class=\"wpcf7-form-control wpcf7-textarea\" aria-invalid=\"false\" name=\"your-message\"><\/textarea><\/span> <\/label>\n<\/p>\n<p><input class=\"wpcf7-form-control wpcf7-submit has-spinner\" type=\"submit\" value=\"Envoyer\" \/>\n<\/p><div class=\"wpcf7-response-output\" aria-hidden=\"true\"><\/div>\n<\/form>\n<\/div>\n<\/div>\n","protected":false},"excerpt":{"rendered":"","protected":false},"author":1,"featured_media":0,"parent":0,"menu_order":5,"comment_status":"closed","ping_status":"closed","template":"","meta":{"footnotes":""},"class_list":["post-133","page","type-page","status-publish","hentry"],"_links":{"self":[{"href":"https:\/\/www.krgprojects.com\/index.php\/wp-json\/wp\/v2\/pages\/133","targetHints":{"allow":["GET"]}}],"collection":[{"href":"https:\/\/www.krgprojects.com\/index.php\/wp-json\/wp\/v2\/pages"}],"about":[{"href":"https:\/\/www.krgprojects.com\/index.php\/wp-json\/wp\/v2\/types\/page"}],"author":[{"embeddable":true,"href":"https:\/\/www.krgprojects.com\/index.php\/wp-json\/wp\/v2\/users\/1"}],"replies":[{"embeddable":true,"href":"https:\/\/www.krgprojects.com\/index.php\/wp-json\/wp\/v2\/comments?post=133"}],"version-history":[{"count":2,"href":"https:\/\/www.krgprojects.com\/index.php\/wp-json\/wp\/v2\/pages\/133\/revisions"}],"predecessor-version":[{"id":165,"href":"https:\/\/www.krgprojects.com\/index.php\/wp-json\/wp\/v2\/pages\/133\/revisions\/165"}],"wp:attachment":[{"href":"https:\/\/www.krgprojects.com\/index.php\/wp-json\/wp\/v2\/media?parent=133"}],"curies":[{"name":"wp","href":"https:\/\/api.w.org\/{rel}","templated":true}]}}