{"id":186,"date":"2022-05-30T22:30:44","date_gmt":"2022-05-30T20:30:26","guid":{"rendered":"https:\/\/www.krgprojects.com\/?page_id=186"},"modified":"2022-09-15T14:22:14","modified_gmt":"2022-09-15T12:22:14","slug":"colocation-angers-chambre-meublee","status":"publish","type":"page","link":"https:\/\/www.krgprojects.com\/","title":{"rendered":"Henry 13 : une colocation de chambres meubl\u00e9es \u00e0 Angers"},"content":{"rendered":"\n\n\n<p>Cette colocation propose 5 chambres meubl\u00e9es, accessibles avec un bail ind\u00e9pendant. Un appartement meubl\u00e9 est \u00e9galement disponible au 3\u00e8me \u00e9tage, avec vue sur la ville d&rsquo;un c\u00f4t\u00e9, et les jardins de l&rsquo;autre.<\/p>\n\n\n\n<p class=\"has-text-align-center\"><strong>Plus aucune chambre n&rsquo;est disponible.<\/strong><\/p>\n\n\n\n<p>La colocation, c&rsquo;est un art de vivre bas\u00e9 sur la rencontre avec l&rsquo;autre et l&rsquo;acceptation de ses diff\u00e9rences. Nous avons cr\u00e9\u00e9 un environnement confortable, compl\u00e8tement meubl\u00e9 et d\u00e9cor\u00e9. Vous n&rsquo;avez plus qu&rsquo;\u00e0 poser vos valises et \u00e0 en profiter.<\/p>\n\n\n\n<p>Maison angevine enti\u00e8rement r\u00e9nov\u00e9e avec un jardin \u00e9quip\u00e9 (barbecue, transats, salon de jardin). Quartier calme \u00e0 5 min \u00e0 pied de la place du lyc\u00e9e, \u00e0 1 min du jardin du mail.<\/p>\n\n\n\n\n\n<h3 class=\"wp-block-heading\">Les plus<\/h3>\n\n\n\n<ul class=\"wp-block-list\"><li>Chambres avec parquet, literie neuve et dressing ;<\/li><li>D\u00e9co moderne ;<\/li><li>Colocation toute \u00e9quip\u00e9e (lave linge, 2 frigos\/cong\u00e9lateurs, four pyrolyse, plaque induction, micro-onde&#8230;) ; l&rsquo;appartement est \u00e9galement tout \u00e9quip\u00e9 ;<\/li><li>Internet fibre, Netflix, compris dans les charges ainsi que le m\u00e9nage des parties communes, le chauffage, l&rsquo;eau, l&rsquo;\u00e9lectricit\u00e9, les ordures m\u00e9nag\u00e8res ;<\/li><li>Un espace d\u00e9tente\/sport avec v\u00e9lo elliptique, halt\u00e8res.<\/li><\/ul>\n\n\n\n<p>Le m\u00e9nage des parties communes (rez-de-chauss\u00e9e et cage d&rsquo;escalier) est fait 2 fois par mois. A vous ensuite de faire et d&rsquo;organiser le m\u00e9nage des parties li\u00e9es \u00e0 chaque \u00e9tage (salle de bains commune) et chaque chambre (la v\u00f4tre).<\/p>\n\n\n\n<h3 class=\"wp-block-heading\">Les moins<\/h3>\n\n\n\n<ul class=\"wp-block-list\"><li>Y&rsquo;en a pas \ud83d\ude09<\/li><\/ul>\n\n\n\n<h2 class=\"wp-block-heading\">Description<\/h2>\n\n\n\n<ul class=\"wp-block-list\"><li><a href=\"https:\/\/www.krgprojects.com\/index.php\/henry13-votre-super-colocation-a-angers\/rdc\/\" data-type=\"page\" data-id=\"192\">RDC<\/a><\/li><li><span style=\"color: initial;\"><a href=\"https:\/\/www.krgprojects.com\/index.php\/visite-par-piece\/1er-etage\/\" data-type=\"page\" data-id=\"194\">1er \u00e9tage<\/a><\/span><\/li><li><a href=\"https:\/\/www.krgprojects.com\/index.php\/visite-par-piece\/2eme-etage\/\" data-type=\"page\" data-id=\"196\">2\u00e8me \u00e9tage<\/a><\/li><li><a href=\"https:\/\/www.krgprojects.com\/index.php\/henry13-votre-super-colocation-a-angers\/3eme-etage\/\" data-type=\"page\" data-id=\"198\">3\u00e8me \u00e9tage<\/a> (appartement)<\/li><\/ul>\n\n\n\n<p>En outre, vous avez \u00e9galement acc\u00e8s aux parties suivantes :<\/p>\n\n\n\n<ul class=\"wp-block-list\"><li><a href=\"https:\/\/www.krgprojects.com\/index.php\/visite-par-piece\/jardin-2\/\" data-type=\"page\" data-id=\"190\">Jardin<\/a> : accessible au bout d&rsquo;un couloir ext\u00e9rieur \u00e0 partir de la cuisine, vous \u00eates litt\u00e9ralement dans un jardin au milieu des jardins. Vous \u00eates isol\u00e9 de la ville, vous n&rsquo;entendez plus que le bruit des oiseaux.<\/li><li><a href=\"https:\/\/www.krgprojects.com\/index.php\/visite-par-piece\/cave\/\" data-type=\"page\" data-id=\"188\">Cave<\/a> : c&rsquo;est l\u00e0 qu&rsquo;est le lave-linge. Vous pouvez ainsi faire vos lessives quelle que soit l&rsquo;heure. Pour s\u00e9cher le linge, direction la buanderie.<\/li><\/ul>\n\n\n\n<h2 class=\"wp-block-heading\">Conditions de location<\/h2>\n\n\n\n<ul class=\"wp-block-list\"><li>1,5 mois de mois de caution ou garantie Visale lorsque c&rsquo;est pertinent ;<\/li><li>Pas de frais d&rsquo;agence ni d&rsquo;honoraire de bail ;<\/li><li>Visite virtuelle possible, n&rsquo;h\u00e9sitez pas \u00e0 nous poser vos questions.<\/li><\/ul>\n\n\n\n<p>Merci de remplir le <a href=\"https:\/\/www.krgprojects.com\/index.php\/contact\/\" data-type=\"page\" data-id=\"133\">formulaire de contact<\/a> pour nous donner quelques informations essentielles.<\/p>\n\n\n\n<h2 class=\"wp-block-heading\">Caract\u00e9ristiques<\/h2>\n\n\n\n<ul class=\"wp-block-list\"><li>Surface : 152 m2<\/li><li>Pi\u00e8ces : 8 + 1 appartement<\/li><li>GES : D<\/li><li>Classe \u00e9nergie : D<\/li><\/ul>\n\n\n\n<h2 class=\"wp-block-heading\">Dossier<\/h2>\n\n\n\n<p>Pour pr\u00e9parer votre dossier, merci de <strong>num\u00e9riser<\/strong> les \u00e9l\u00e9ments suivants :<\/p>\n\n\n\n<ul class=\"wp-block-list\"><li>Copie de votre pi\u00e8ce d&rsquo;identit\u00e9 (carte d&rsquo;identit\u00e9, passeport) recto\/verso<\/li><li>Copie d&rsquo;un certificat de scolarit\u00e9 (carte d&rsquo;\u00e9tudiant)<\/li><li>OU contrat de travail si salari\u00e9<\/li><li>3 derni\u00e8res quittances de loyer.<\/li><\/ul>\n\n\n\n<p>Pour chaque garant :<\/p>\n\n\n\n<ul class=\"wp-block-list\"><li>Copie de leur pi\u00e8ce d&rsquo;identit\u00e9 (carte d&rsquo;identit\u00e9, passeport) recto\/verso<\/li><li>Contrat de travail et 3 derniers bulletins de salaire si salari\u00e9<\/li><li>OU dernier avis d&rsquo;imposition si ind\u00e9pendant ou profession lib\u00e9rale<\/li><li>OU justificatif de revenus (versement d&rsquo;indemnit\u00e9s,&nbsp;retraites,&nbsp;pensions&#8230;)&nbsp;des trois derniers mois pour les autres cas.<\/li><\/ul>\n\n\n\n<p>Nous vous demanderons de les envoyer lorsque suite \u00e0 une visite vous souhaitez louer une chambre.<\/p>\n","protected":false},"excerpt":{"rendered":"<p>Cette colocation propose 5 chambres meubl\u00e9es, accessibles avec un bail ind\u00e9pendant. Un appartement meubl\u00e9 est \u00e9galement disponible au 3\u00e8me \u00e9tage, avec vue sur la ville d&rsquo;un c\u00f4t\u00e9, et les jardins de l&rsquo;autre. Plus aucune chambre n&rsquo;est disponible. La colocation, c&rsquo;est un art de vivre bas\u00e9 sur la rencontre avec l&rsquo;autre et l&rsquo;acceptation de ses diff\u00e9rences. &hellip; <\/p>\n<p class=\"link-more\"><a href=\"https:\/\/www.krgprojects.com\/\" class=\"more-link\">Lire la suite de<span class=\"screen-reader-text\">\u00ab\u00a0Henry 13 : une colocation de chambres meubl\u00e9es \u00e0 Angers\u00a0\u00bb<\/span><\/a><\/p>\n","protected":false},"author":1,"featured_media":0,"parent":0,"menu_order":1,"comment_status":"closed","ping_status":"closed","template":"","meta":{"footnotes":""},"class_list":["post-186","page","type-page","status-publish","hentry"],"_links":{"self":[{"href":"https:\/\/www.krgprojects.com\/index.php\/wp-json\/wp\/v2\/pages\/186","targetHints":{"allow":["GET"]}}],"collection":[{"href":"https:\/\/www.krgprojects.com\/index.php\/wp-json\/wp\/v2\/pages"}],"about":[{"href":"https:\/\/www.krgprojects.com\/index.php\/wp-json\/wp\/v2\/types\/page"}],"author":[{"embeddable":true,"href":"https:\/\/www.krgprojects.com\/index.php\/wp-json\/wp\/v2\/users\/1"}],"replies":[{"embeddable":true,"href":"https:\/\/www.krgprojects.com\/index.php\/wp-json\/wp\/v2\/comments?post=186"}],"version-history":[{"count":20,"href":"https:\/\/www.krgprojects.com\/index.php\/wp-json\/wp\/v2\/pages\/186\/revisions"}],"predecessor-version":[{"id":462,"href":"https:\/\/www.krgprojects.com\/index.php\/wp-json\/wp\/v2\/pages\/186\/revisions\/462"}],"wp:attachment":[{"href":"https:\/\/www.krgprojects.com\/index.php\/wp-json\/wp\/v2\/media?parent=186"}],"curies":[{"name":"wp","href":"https:\/\/api.w.org\/{rel}","templated":true}]}}