{"id":190,"date":"2022-05-30T22:39:56","date_gmt":"2022-05-30T20:39:56","guid":{"rendered":"https:\/\/www.krgprojects.com\/index.php\/jardin-2\/"},"modified":"2025-12-14T18:06:02","modified_gmt":"2025-12-14T17:06:02","slug":"jardin-2","status":"publish","type":"page","link":"https:\/\/www.krgprojects.com\/index.php\/visite-par-piece\/jardin-2\/","title":{"rendered":"Jardin"},"content":{"rendered":"\n<div class=\"wp-block-group\"><div class=\"wp-block-group__inner-container is-layout-constrained wp-block-group-is-layout-constrained\">\n<p class=\"has-ast-global-color-3-color has-text-color\">Au milieu des autres jardins, vous vous retrouvez dans un oc\u00e9an de verdures en plein coeur de la ville d&rsquo;Angers, entour\u00e9 d&rsquo;oiseaux et de fleurs. Agr\u00e9ment\u00e9 d&rsquo;un barbecue, de transats et d&rsquo;un salon de jardin, vous pouvez profiter des belles journ\u00e9es.<\/p>\n\n\n\n<figure class=\"wp-block-gallery has-nested-images columns-default is-cropped wp-block-gallery-1 is-layout-flex wp-block-gallery-is-layout-flex\">\n<figure class=\"wp-block-image size-large\"><img loading=\"lazy\" decoding=\"async\" width=\"1024\" height=\"768\" data-id=\"272\" src=\"https:\/\/www.krgprojects.com\/wp-content\/uploads\/2022\/06\/jardin-1024x768.jpg\" alt=\"\" class=\"wp-image-272\" srcset=\"https:\/\/www.krgprojects.com\/wp-content\/uploads\/2022\/06\/jardin-1024x768.jpg 1024w, https:\/\/www.krgprojects.com\/wp-content\/uploads\/2022\/06\/jardin-300x225.jpg 300w, https:\/\/www.krgprojects.com\/wp-content\/uploads\/2022\/06\/jardin-768x576.jpg 768w, https:\/\/www.krgprojects.com\/wp-content\/uploads\/2022\/06\/jardin.jpg 1067w\" sizes=\"auto, (max-width: 1024px) 100vw, 1024px\" \/><\/figure>\n\n\n\n<figure class=\"wp-block-image size-large\"><img loading=\"lazy\" decoding=\"async\" width=\"1024\" height=\"768\" data-id=\"182\" src=\"https:\/\/www.krgprojects.com\/wp-content\/uploads\/2022\/05\/jardin.jpg\" alt=\"\" class=\"wp-image-182\" srcset=\"https:\/\/www.krgprojects.com\/wp-content\/uploads\/2022\/05\/jardin.jpg 1024w, https:\/\/www.krgprojects.com\/wp-content\/uploads\/2022\/05\/jardin-300x225.jpg 300w, https:\/\/www.krgprojects.com\/wp-content\/uploads\/2022\/05\/jardin-768x576.jpg 768w\" sizes=\"auto, (max-width: 1024px) 100vw, 1024px\" \/><\/figure>\n<\/figure>\n<\/div><\/div>\n","protected":false},"excerpt":{"rendered":"<p>Au milieu des autres jardins, vous vous retrouvez dans un oc\u00e9an de verdures en plein coeur de la ville d&rsquo;Angers, entour\u00e9 d&rsquo;oiseaux et de fleurs. Agr\u00e9ment\u00e9 d&rsquo;un barbecue, de transats et d&rsquo;un salon de jardin, vous pouvez profiter des belles journ\u00e9es.<\/p>\n","protected":false},"author":1,"featured_media":0,"parent":12,"menu_order":0,"comment_status":"closed","ping_status":"closed","template":"","meta":{"footnotes":""},"class_list":["post-190","page","type-page","status-publish","hentry"],"_links":{"self":[{"href":"https:\/\/www.krgprojects.com\/index.php\/wp-json\/wp\/v2\/pages\/190","targetHints":{"allow":["GET"]}}],"collection":[{"href":"https:\/\/www.krgprojects.com\/index.php\/wp-json\/wp\/v2\/pages"}],"about":[{"href":"https:\/\/www.krgprojects.com\/index.php\/wp-json\/wp\/v2\/types\/page"}],"author":[{"embeddable":true,"href":"https:\/\/www.krgprojects.com\/index.php\/wp-json\/wp\/v2\/users\/1"}],"replies":[{"embeddable":true,"href":"https:\/\/www.krgprojects.com\/index.php\/wp-json\/wp\/v2\/comments?post=190"}],"version-history":[{"count":6,"href":"https:\/\/www.krgprojects.com\/index.php\/wp-json\/wp\/v2\/pages\/190\/revisions"}],"predecessor-version":[{"id":478,"href":"https:\/\/www.krgprojects.com\/index.php\/wp-json\/wp\/v2\/pages\/190\/revisions\/478"}],"up":[{"embeddable":true,"href":"https:\/\/www.krgprojects.com\/index.php\/wp-json\/wp\/v2\/pages\/12"}],"wp:attachment":[{"href":"https:\/\/www.krgprojects.com\/index.php\/wp-json\/wp\/v2\/media?parent=190"}],"curies":[{"name":"wp","href":"https:\/\/api.w.org\/{rel}","templated":true}]}}