{"id":192,"date":"2022-05-30T22:39:56","date_gmt":"2022-05-30T20:39:56","guid":{"rendered":"https:\/\/www.krgprojects.com\/index.php\/rdc\/"},"modified":"2025-12-14T18:30:51","modified_gmt":"2025-12-14T17:30:51","slug":"rdc","status":"publish","type":"page","link":"https:\/\/www.krgprojects.com\/index.php\/visite-par-piece\/rdc\/","title":{"rendered":"Rez-de-chauss\u00e9e"},"content":{"rendered":"\n<p>L&rsquo;arri\u00e8re cuisine contient 2 frigos mais \u00e9galement 1 WC, ferm\u00e9 bien s\u00fbr :-), accessible \u00e0 tout le monde, notamment aux invit\u00e9s qui n&rsquo;ont donc pas de raisons de monter \u00e0 l&rsquo;\u00e9tage utiliser les WC des locataires.<\/p>\n\n\n\n<div class=\"wp-block-columns is-layout-flex wp-container-core-columns-is-layout-9d6595d7 wp-block-columns-is-layout-flex\">\n<div class=\"wp-block-column is-vertically-aligned-center is-layout-flow wp-block-column-is-layout-flow\" style=\"flex-basis:50%\">\n<div class=\"wp-block-group alignwide has-small-font-size\"><div class=\"wp-block-group__inner-container is-layout-constrained wp-block-group-is-layout-constrained\">\n<figure class=\"wp-block-video aligncenter\"><video height=\"1920\" style=\"aspect-ratio: 1080 \/ 1920;\" width=\"1080\" controls src=\"https:\/\/www.krgprojects.com\/wp-content\/uploads\/2022\/06\/rdc.mp4-music.mp4\"><\/video><\/figure>\n<\/div><\/div>\n<\/div>\n<\/div>\n\n\n\n<h2 class=\"wp-block-heading\">Salon<\/h2>\n\n\n\n<figure class=\"wp-block-gallery has-nested-images columns-default is-cropped wp-block-gallery-1 is-layout-flex wp-block-gallery-is-layout-flex\">\n<figure class=\"wp-block-image size-large\"><img loading=\"lazy\" decoding=\"async\" width=\"1024\" height=\"768\" data-id=\"273\" src=\"https:\/\/www.krgprojects.com\/wp-content\/uploads\/2022\/06\/salon-2-1024x768.jpg\" alt=\"\" class=\"wp-image-273\" srcset=\"https:\/\/www.krgprojects.com\/wp-content\/uploads\/2022\/06\/salon-2-1024x768.jpg 1024w, https:\/\/www.krgprojects.com\/wp-content\/uploads\/2022\/06\/salon-2-300x225.jpg 300w, https:\/\/www.krgprojects.com\/wp-content\/uploads\/2022\/06\/salon-2-768x576.jpg 768w, https:\/\/www.krgprojects.com\/wp-content\/uploads\/2022\/06\/salon-2.jpg 1067w\" sizes=\"auto, (max-width: 1024px) 100vw, 1024px\" \/><\/figure>\n\n\n\n<figure class=\"wp-block-image size-large\"><img loading=\"lazy\" decoding=\"async\" width=\"768\" height=\"1024\" data-id=\"100\" src=\"https:\/\/www.krgprojects.com\/wp-content\/uploads\/2022\/05\/IMG_0768-3-768x1024.jpg\" alt=\"\" class=\"wp-image-100\" srcset=\"https:\/\/www.krgprojects.com\/wp-content\/uploads\/2022\/05\/IMG_0768-3-768x1024.jpg 768w, https:\/\/www.krgprojects.com\/wp-content\/uploads\/2022\/05\/IMG_0768-3-225x300.jpg 225w, https:\/\/www.krgprojects.com\/wp-content\/uploads\/2022\/05\/IMG_0768-3-1152x1536.jpg 1152w, https:\/\/www.krgprojects.com\/wp-content\/uploads\/2022\/05\/IMG_0768-3-1536x2048.jpg 1536w, https:\/\/www.krgprojects.com\/wp-content\/uploads\/2022\/05\/IMG_0768-3-scaled.jpg 1920w\" sizes=\"auto, (max-width: 768px) 100vw, 768px\" \/><\/figure>\n\n\n\n<figure class=\"wp-block-image size-large\"><img loading=\"lazy\" decoding=\"async\" width=\"820\" height=\"615\" data-id=\"87\" src=\"https:\/\/www.krgprojects.com\/wp-content\/uploads\/2022\/05\/PART_1649747799254.jpg\" alt=\"\" class=\"wp-image-87\" srcset=\"https:\/\/www.krgprojects.com\/wp-content\/uploads\/2022\/05\/PART_1649747799254.jpg 820w, https:\/\/www.krgprojects.com\/wp-content\/uploads\/2022\/05\/PART_1649747799254-300x225.jpg 300w, https:\/\/www.krgprojects.com\/wp-content\/uploads\/2022\/05\/PART_1649747799254-768x576.jpg 768w\" sizes=\"auto, (max-width: 820px) 100vw, 820px\" \/><\/figure>\n\n\n\n<figure class=\"wp-block-image size-large\"><img loading=\"lazy\" decoding=\"async\" width=\"820\" height=\"615\" data-id=\"88\" src=\"https:\/\/www.krgprojects.com\/wp-content\/uploads\/2022\/05\/PART_1649747607105.jpg\" alt=\"\" class=\"wp-image-88\" srcset=\"https:\/\/www.krgprojects.com\/wp-content\/uploads\/2022\/05\/PART_1649747607105.jpg 820w, https:\/\/www.krgprojects.com\/wp-content\/uploads\/2022\/05\/PART_1649747607105-300x225.jpg 300w, https:\/\/www.krgprojects.com\/wp-content\/uploads\/2022\/05\/PART_1649747607105-768x576.jpg 768w\" sizes=\"auto, (max-width: 820px) 100vw, 820px\" \/><\/figure>\n<\/figure>\n\n\n\n<h2 class=\"wp-block-heading\">Cuisine<\/h2>\n\n\n\n<figure class=\"wp-block-gallery has-nested-images columns-default is-cropped wp-block-gallery-2 is-layout-flex wp-block-gallery-is-layout-flex\">\n<figure class=\"wp-block-image size-large\"><img loading=\"lazy\" decoding=\"async\" width=\"800\" height=\"600\" data-id=\"103\" src=\"https:\/\/www.krgprojects.com\/wp-content\/uploads\/2022\/05\/IMG_0842.jpg\" alt=\"\" class=\"wp-image-103\" srcset=\"https:\/\/www.krgprojects.com\/wp-content\/uploads\/2022\/05\/IMG_0842.jpg 800w, https:\/\/www.krgprojects.com\/wp-content\/uploads\/2022\/05\/IMG_0842-300x225.jpg 300w, https:\/\/www.krgprojects.com\/wp-content\/uploads\/2022\/05\/IMG_0842-768x576.jpg 768w\" sizes=\"auto, (max-width: 800px) 100vw, 800px\" \/><\/figure>\n<\/figure>\n\n\n\n<h2 class=\"wp-block-heading\">Escalier<\/h2>\n\n\n\n<figure class=\"wp-block-gallery has-nested-images columns-default is-cropped wp-block-gallery-3 is-layout-flex wp-block-gallery-is-layout-flex\">\n<figure class=\"wp-block-image size-large\"><img loading=\"lazy\" decoding=\"async\" width=\"768\" height=\"1024\" data-id=\"80\" src=\"https:\/\/www.krgprojects.com\/wp-content\/uploads\/2022\/05\/PHOTO-2022-04-12-09-37-35-768x1024.jpg\" alt=\"\" class=\"wp-image-80\" srcset=\"https:\/\/www.krgprojects.com\/wp-content\/uploads\/2022\/05\/PHOTO-2022-04-12-09-37-35-768x1023.jpg 768w, https:\/\/www.krgprojects.com\/wp-content\/uploads\/2022\/05\/PHOTO-2022-04-12-09-37-35-225x300.jpg 225w, https:\/\/www.krgprojects.com\/wp-content\/uploads\/2022\/05\/PHOTO-2022-04-12-09-37-35-1153x1536.jpg 1153w, https:\/\/www.krgprojects.com\/wp-content\/uploads\/2022\/05\/PHOTO-2022-04-12-09-37-35.jpg 1200w\" sizes=\"auto, (max-width: 768px) 100vw, 768px\" \/><\/figure>\n<\/figure>\n","protected":false},"excerpt":{"rendered":"<p>L&rsquo;arri\u00e8re cuisine contient 2 frigos mais \u00e9galement 1 WC, ferm\u00e9 bien s\u00fbr :-), accessible \u00e0 tout le monde, notamment aux invit\u00e9s qui n&rsquo;ont donc pas de raisons de monter \u00e0 l&rsquo;\u00e9tage utiliser les WC des locataires. Salon Cuisine Escalier<\/p>\n","protected":false},"author":1,"featured_media":0,"parent":12,"menu_order":2,"comment_status":"closed","ping_status":"closed","template":"","meta":{"footnotes":""},"class_list":["post-192","page","type-page","status-publish","hentry"],"_links":{"self":[{"href":"https:\/\/www.krgprojects.com\/index.php\/wp-json\/wp\/v2\/pages\/192","targetHints":{"allow":["GET"]}}],"collection":[{"href":"https:\/\/www.krgprojects.com\/index.php\/wp-json\/wp\/v2\/pages"}],"about":[{"href":"https:\/\/www.krgprojects.com\/index.php\/wp-json\/wp\/v2\/types\/page"}],"author":[{"embeddable":true,"href":"https:\/\/www.krgprojects.com\/index.php\/wp-json\/wp\/v2\/users\/1"}],"replies":[{"embeddable":true,"href":"https:\/\/www.krgprojects.com\/index.php\/wp-json\/wp\/v2\/comments?post=192"}],"version-history":[{"count":8,"href":"https:\/\/www.krgprojects.com\/index.php\/wp-json\/wp\/v2\/pages\/192\/revisions"}],"predecessor-version":[{"id":494,"href":"https:\/\/www.krgprojects.com\/index.php\/wp-json\/wp\/v2\/pages\/192\/revisions\/494"}],"up":[{"embeddable":true,"href":"https:\/\/www.krgprojects.com\/index.php\/wp-json\/wp\/v2\/pages\/12"}],"wp:attachment":[{"href":"https:\/\/www.krgprojects.com\/index.php\/wp-json\/wp\/v2\/media?parent=192"}],"curies":[{"name":"wp","href":"https:\/\/api.w.org\/{rel}","templated":true}]}}