{"id":198,"date":"2022-05-30T22:39:56","date_gmt":"2022-05-30T20:39:56","guid":{"rendered":"https:\/\/www.krgprojects.com\/index.php\/3eme-etage\/"},"modified":"2025-12-14T18:51:58","modified_gmt":"2025-12-14T17:51:58","slug":"3eme-etage","status":"publish","type":"page","link":"https:\/\/www.krgprojects.com\/index.php\/visite-par-piece\/3eme-etage\/","title":{"rendered":"3\u00e8me \u00e9tage"},"content":{"rendered":"\n<h2 class=\"wp-block-heading\">Prix<\/h2>\n\n\n\n<ul class=\"wp-block-list\">\n<li>Loyer : 640 \u20ac<\/li>\n\n\n\n<li>Provision pour charges : 70 \u20ac (r\u00e9gularisation annuelle)<\/li>\n<\/ul>\n\n\n\n<h2 class=\"wp-block-heading\">Description<\/h2>\n\n\n\n<p>Appartement tout \u00e9quip\u00e9 de 38 m2. Vous profitez cependant \u00e9galement de la colocation, donc du jardin, du grand salon et de la cuisine au rez-de-chauss\u00e9e, ce qui vous permet de rencontrer les autres colocataires, partager de bons moments, tout en conservant une plus grande intimit\u00e9.<\/p>\n\n\n\n<p>A partir du 2\u00e8me, une porte, qui ferme \u00e0 cl\u00e9, donne sur l&rsquo;escalier permettant d&rsquo;acc\u00e9der au 3\u00e8me. L&rsquo;escalier fait donc partie de l&rsquo;appartement.<\/p>\n\n\n\n<figure class=\"wp-block-gallery has-nested-images columns-default is-cropped wp-block-gallery-1 is-layout-flex wp-block-gallery-is-layout-flex\">\n<figure class=\"wp-block-image size-large\"><img loading=\"lazy\" decoding=\"async\" width=\"768\" height=\"1024\" data-id=\"136\" src=\"https:\/\/www.krgprojects.com\/wp-content\/uploads\/2022\/05\/PHOTO-2022-04-11-17-26-39-768x1024.jpg\" alt=\"\" class=\"wp-image-136\" srcset=\"https:\/\/www.krgprojects.com\/wp-content\/uploads\/2022\/05\/PHOTO-2022-04-11-17-26-39-768x1023.jpg 768w, https:\/\/www.krgprojects.com\/wp-content\/uploads\/2022\/05\/PHOTO-2022-04-11-17-26-39-225x300.jpg 225w, https:\/\/www.krgprojects.com\/wp-content\/uploads\/2022\/05\/PHOTO-2022-04-11-17-26-39-1153x1536.jpg 1153w, https:\/\/www.krgprojects.com\/wp-content\/uploads\/2022\/05\/PHOTO-2022-04-11-17-26-39.jpg 1200w\" sizes=\"auto, (max-width: 768px) 100vw, 768px\" \/><\/figure>\n\n\n\n<figure class=\"wp-block-image size-large\"><img loading=\"lazy\" decoding=\"async\" width=\"768\" height=\"1024\" data-id=\"130\" src=\"https:\/\/www.krgprojects.com\/wp-content\/uploads\/2022\/05\/PHOTO-2022-04-08-11-09-48-768x1024.jpg\" alt=\"\" class=\"wp-image-130\" srcset=\"https:\/\/www.krgprojects.com\/wp-content\/uploads\/2022\/05\/PHOTO-2022-04-08-11-09-48-768x1023.jpg 768w, https:\/\/www.krgprojects.com\/wp-content\/uploads\/2022\/05\/PHOTO-2022-04-08-11-09-48-225x300.jpg 225w, https:\/\/www.krgprojects.com\/wp-content\/uploads\/2022\/05\/PHOTO-2022-04-08-11-09-48-1153x1536.jpg 1153w, https:\/\/www.krgprojects.com\/wp-content\/uploads\/2022\/05\/PHOTO-2022-04-08-11-09-48.jpg 1200w\" sizes=\"auto, (max-width: 768px) 100vw, 768px\" \/><\/figure>\n\n\n\n<figure class=\"wp-block-image size-large\"><img loading=\"lazy\" decoding=\"async\" width=\"768\" height=\"1024\" data-id=\"128\" src=\"https:\/\/www.krgprojects.com\/wp-content\/uploads\/2022\/05\/PHOTO-2022-04-08-11-09-45-768x1024.jpg\" alt=\"\" class=\"wp-image-128\" srcset=\"https:\/\/www.krgprojects.com\/wp-content\/uploads\/2022\/05\/PHOTO-2022-04-08-11-09-45-768x1023.jpg 768w, https:\/\/www.krgprojects.com\/wp-content\/uploads\/2022\/05\/PHOTO-2022-04-08-11-09-45-225x300.jpg 225w, https:\/\/www.krgprojects.com\/wp-content\/uploads\/2022\/05\/PHOTO-2022-04-08-11-09-45-1153x1536.jpg 1153w, https:\/\/www.krgprojects.com\/wp-content\/uploads\/2022\/05\/PHOTO-2022-04-08-11-09-45.jpg 1200w\" sizes=\"auto, (max-width: 768px) 100vw, 768px\" \/><\/figure>\n\n\n\n<figure class=\"wp-block-image size-large\"><img loading=\"lazy\" decoding=\"async\" width=\"1024\" height=\"768\" data-id=\"127\" src=\"https:\/\/www.krgprojects.com\/wp-content\/uploads\/2022\/05\/PHOTO-2022-04-08-11-09-47-2-1024x768.jpg\" alt=\"\" class=\"wp-image-127\" srcset=\"https:\/\/www.krgprojects.com\/wp-content\/uploads\/2022\/05\/PHOTO-2022-04-08-11-09-47-2-1024x768.jpg 1024w, https:\/\/www.krgprojects.com\/wp-content\/uploads\/2022\/05\/PHOTO-2022-04-08-11-09-47-2-300x225.jpg 300w, https:\/\/www.krgprojects.com\/wp-content\/uploads\/2022\/05\/PHOTO-2022-04-08-11-09-47-2-768x576.jpg 768w, https:\/\/www.krgprojects.com\/wp-content\/uploads\/2022\/05\/PHOTO-2022-04-08-11-09-47-2-1536x1153.jpg 1536w, https:\/\/www.krgprojects.com\/wp-content\/uploads\/2022\/05\/PHOTO-2022-04-08-11-09-47-2.jpg 1599w\" sizes=\"auto, (max-width: 1024px) 100vw, 1024px\" \/><\/figure>\n\n\n\n<figure class=\"wp-block-image size-large\"><img loading=\"lazy\" decoding=\"async\" width=\"1024\" height=\"768\" data-id=\"174\" src=\"https:\/\/www.krgprojects.com\/wp-content\/uploads\/2022\/05\/IMG_0745-1024x768.jpg\" alt=\"\" class=\"wp-image-174\" srcset=\"https:\/\/www.krgprojects.com\/wp-content\/uploads\/2022\/05\/IMG_0745-1024x768.jpg 1024w, https:\/\/www.krgprojects.com\/wp-content\/uploads\/2022\/05\/IMG_0745-300x225.jpg 300w, https:\/\/www.krgprojects.com\/wp-content\/uploads\/2022\/05\/IMG_0745-768x576.jpg 768w, https:\/\/www.krgprojects.com\/wp-content\/uploads\/2022\/05\/IMG_0745-1536x1152.jpg 1536w, https:\/\/www.krgprojects.com\/wp-content\/uploads\/2022\/05\/IMG_0745-2048x1536.jpg 2048w, https:\/\/www.krgprojects.com\/wp-content\/uploads\/2022\/05\/IMG_0745-2000x1500.jpg 2000w\" sizes=\"auto, (max-width: 1024px) 100vw, 1024px\" \/><\/figure>\n\n\n\n<figure class=\"wp-block-image size-large\"><img loading=\"lazy\" decoding=\"async\" width=\"1024\" height=\"768\" data-id=\"252\" src=\"https:\/\/www.krgprojects.com\/wp-content\/uploads\/2022\/06\/Chambre-6-salon-1024x768.jpg\" alt=\"\" class=\"wp-image-252\" srcset=\"https:\/\/www.krgprojects.com\/wp-content\/uploads\/2022\/06\/Chambre-6-salon-1024x768.jpg 1024w, https:\/\/www.krgprojects.com\/wp-content\/uploads\/2022\/06\/Chambre-6-salon-300x225.jpg 300w, https:\/\/www.krgprojects.com\/wp-content\/uploads\/2022\/06\/Chambre-6-salon-768x576.jpg 768w, https:\/\/www.krgprojects.com\/wp-content\/uploads\/2022\/06\/Chambre-6-salon-1536x1153.jpg 1536w, https:\/\/www.krgprojects.com\/wp-content\/uploads\/2022\/06\/Chambre-6-salon.jpg 1599w\" sizes=\"auto, (max-width: 1024px) 100vw, 1024px\" \/><\/figure>\n<\/figure>\n\n\n\n<div class=\"wp-block-columns is-layout-flex wp-container-core-columns-is-layout-9d6595d7 wp-block-columns-is-layout-flex\">\n<div class=\"wp-block-column is-layout-flow wp-block-column-is-layout-flow\" style=\"flex-basis:50%\">\n<figure class=\"wp-block-video\"><video height=\"1920\" style=\"aspect-ratio: 1080 \/ 1920;\" width=\"1080\" controls src=\"https:\/\/www.krgprojects.com\/wp-content\/uploads\/2022\/06\/ch6.mp4-music.mp4\"><\/video><\/figure>\n<\/div>\n<\/div>\n","protected":false},"excerpt":{"rendered":"<p>Prix Description Appartement tout \u00e9quip\u00e9 de 38 m2. Vous profitez cependant \u00e9galement de la colocation, donc du jardin, du grand salon et de la cuisine au rez-de-chauss\u00e9e, ce qui vous permet de rencontrer les autres colocataires, partager de bons moments, tout en conservant une plus grande intimit\u00e9. A partir du 2\u00e8me, une porte, qui ferme &hellip; <\/p>\n<p class=\"link-more\"><a href=\"https:\/\/www.krgprojects.com\/index.php\/visite-par-piece\/3eme-etage\/\" class=\"more-link\">Lire la suite de<span class=\"screen-reader-text\">\u00ab\u00a03\u00e8me \u00e9tage\u00a0\u00bb<\/span><\/a><\/p>\n","protected":false},"author":1,"featured_media":0,"parent":12,"menu_order":5,"comment_status":"closed","ping_status":"closed","template":"","meta":{"footnotes":""},"class_list":["post-198","page","type-page","status-publish","hentry"],"_links":{"self":[{"href":"https:\/\/www.krgprojects.com\/index.php\/wp-json\/wp\/v2\/pages\/198","targetHints":{"allow":["GET"]}}],"collection":[{"href":"https:\/\/www.krgprojects.com\/index.php\/wp-json\/wp\/v2\/pages"}],"about":[{"href":"https:\/\/www.krgprojects.com\/index.php\/wp-json\/wp\/v2\/types\/page"}],"author":[{"embeddable":true,"href":"https:\/\/www.krgprojects.com\/index.php\/wp-json\/wp\/v2\/users\/1"}],"replies":[{"embeddable":true,"href":"https:\/\/www.krgprojects.com\/index.php\/wp-json\/wp\/v2\/comments?post=198"}],"version-history":[{"count":9,"href":"https:\/\/www.krgprojects.com\/index.php\/wp-json\/wp\/v2\/pages\/198\/revisions"}],"predecessor-version":[{"id":506,"href":"https:\/\/www.krgprojects.com\/index.php\/wp-json\/wp\/v2\/pages\/198\/revisions\/506"}],"up":[{"embeddable":true,"href":"https:\/\/www.krgprojects.com\/index.php\/wp-json\/wp\/v2\/pages\/12"}],"wp:attachment":[{"href":"https:\/\/www.krgprojects.com\/index.php\/wp-json\/wp\/v2\/media?parent=198"}],"curies":[{"name":"wp","href":"https:\/\/api.w.org\/{rel}","templated":true}]}}