{"id":202,"date":"2022-05-30T22:45:34","date_gmt":"2022-05-30T20:45:00","guid":{"rendered":"https:\/\/www.krgprojects.com\/index.php\/henry13-votre-super-colocation-a-angers\/1er-etage\/chambre-1-2-2\/"},"modified":"2025-12-14T18:43:55","modified_gmt":"2025-12-14T17:43:55","slug":"chambre-3","status":"publish","type":"page","link":"https:\/\/www.krgprojects.com\/index.php\/visite-par-piece\/2eme-etage\/chambre-3\/","title":{"rendered":"Chambre 3"},"content":{"rendered":"\n<h2 class=\"wp-block-heading\">Prix<\/h2>\n\n\n\n<ul class=\"wp-block-list\">\n<li>Loyer : 460 \u20ac<\/li>\n\n\n\n<li>Provision pour charges : 60 \u20ac (r\u00e9gularisation annuelle)<\/li>\n<\/ul>\n\n\n\n<h2 class=\"wp-block-heading\">Description<\/h2>\n\n\n\n<p>Cette chambre de 9 m2 contient un grand lit mezzanine.<\/p>\n\n\n\n<p>Sp\u00e9cialement agenc\u00e9e avec un lit mezzanine, elle dispose d&rsquo;un espace sous le lit qui permet de profiter d&rsquo;un coin personnel plus \u00ab\u00a0cozy\u00a0\u00bb avec un fauteuil et un tapis. Bien s\u00fbr, elle est \u00e9galement \u00e9quip\u00e9e d&rsquo;1 table de chevet, 1 lampe et un bureau avec une lampe de bureau.<\/p>\n\n\n\n<p>Un tapis agr\u00e9mente le sol de la chambre dans laquelle vous vous sentirez vraiment \u00e0 l&rsquo;aise.<\/p>\n\n\n\n<figure class=\"wp-block-gallery has-nested-images columns-default is-cropped wp-block-gallery-1 is-layout-flex wp-block-gallery-is-layout-flex\">\n<figure class=\"wp-block-image size-large\"><img loading=\"lazy\" decoding=\"async\" width=\"768\" height=\"1024\" data-id=\"265\" src=\"https:\/\/www.krgprojects.com\/wp-content\/uploads\/2022\/06\/Chambre-3-sous-lit-768x1024.jpg\" alt=\"\" class=\"wp-image-265\" srcset=\"https:\/\/www.krgprojects.com\/wp-content\/uploads\/2022\/06\/Chambre-3-sous-lit-768x1023.jpg 768w, https:\/\/www.krgprojects.com\/wp-content\/uploads\/2022\/06\/Chambre-3-sous-lit-225x300.jpg 225w, https:\/\/www.krgprojects.com\/wp-content\/uploads\/2022\/06\/Chambre-3-sous-lit-1153x1536.jpg 1153w, https:\/\/www.krgprojects.com\/wp-content\/uploads\/2022\/06\/Chambre-3-sous-lit.jpg 1200w\" sizes=\"auto, (max-width: 768px) 100vw, 768px\" \/><\/figure>\n\n\n\n<figure class=\"wp-block-image size-large\"><img loading=\"lazy\" decoding=\"async\" width=\"641\" height=\"1024\" data-id=\"264\" src=\"https:\/\/www.krgprojects.com\/wp-content\/uploads\/2022\/06\/Chambre-3-fauteuil-641x1024.jpg\" alt=\"\" class=\"wp-image-264\" srcset=\"https:\/\/www.krgprojects.com\/wp-content\/uploads\/2022\/06\/Chambre-3-fauteuil-641x1024.jpg 641w, https:\/\/www.krgprojects.com\/wp-content\/uploads\/2022\/06\/Chambre-3-fauteuil-188x300.jpg 188w, https:\/\/www.krgprojects.com\/wp-content\/uploads\/2022\/06\/Chambre-3-fauteuil-768x1227.jpg 768w, https:\/\/www.krgprojects.com\/wp-content\/uploads\/2022\/06\/Chambre-3-fauteuil-961x1536.jpg 961w, https:\/\/www.krgprojects.com\/wp-content\/uploads\/2022\/06\/Chambre-3-fauteuil.jpg 1116w\" sizes=\"auto, (max-width: 641px) 100vw, 641px\" \/><\/figure>\n\n\n\n<figure class=\"wp-block-image size-large\"><img loading=\"lazy\" decoding=\"async\" width=\"650\" height=\"1024\" data-id=\"263\" src=\"https:\/\/www.krgprojects.com\/wp-content\/uploads\/2022\/06\/Chambre-3-bureau-650x1024.jpg\" alt=\"\" class=\"wp-image-263\" srcset=\"https:\/\/www.krgprojects.com\/wp-content\/uploads\/2022\/06\/Chambre-3-bureau-650x1024.jpg 650w, https:\/\/www.krgprojects.com\/wp-content\/uploads\/2022\/06\/Chambre-3-bureau-190x300.jpg 190w, https:\/\/www.krgprojects.com\/wp-content\/uploads\/2022\/06\/Chambre-3-bureau-768x1210.jpg 768w, https:\/\/www.krgprojects.com\/wp-content\/uploads\/2022\/06\/Chambre-3-bureau-975x1536.jpg 975w, https:\/\/www.krgprojects.com\/wp-content\/uploads\/2022\/06\/Chambre-3-bureau.jpg 1119w\" sizes=\"auto, (max-width: 650px) 100vw, 650px\" \/><\/figure>\n<\/figure>\n\n\n\n<div class=\"wp-block-columns is-layout-flex wp-container-core-columns-is-layout-9d6595d7 wp-block-columns-is-layout-flex\">\n<div class=\"wp-block-column is-layout-flow wp-block-column-is-layout-flow\" style=\"flex-basis:50%\">\n<figure class=\"wp-block-video\"><video height=\"1920\" style=\"aspect-ratio: 1080 \/ 1920;\" width=\"1080\" controls src=\"https:\/\/www.krgprojects.com\/wp-content\/uploads\/2022\/06\/ch3.mp4-music.mp4\"><\/video><\/figure>\n<\/div>\n<\/div>\n","protected":false},"excerpt":{"rendered":"<p>Prix Description Cette chambre de 9 m2 contient un grand lit mezzanine. Sp\u00e9cialement agenc\u00e9e avec un lit mezzanine, elle dispose d&rsquo;un espace sous le lit qui permet de profiter d&rsquo;un coin personnel plus \u00ab\u00a0cozy\u00a0\u00bb avec un fauteuil et un tapis. Bien s\u00fbr, elle est \u00e9galement \u00e9quip\u00e9e d&rsquo;1 table de chevet, 1 lampe et un bureau &hellip; <\/p>\n<p class=\"link-more\"><a href=\"https:\/\/www.krgprojects.com\/index.php\/visite-par-piece\/2eme-etage\/chambre-3\/\" class=\"more-link\">Lire la suite de<span class=\"screen-reader-text\">\u00ab\u00a0Chambre 3\u00a0\u00bb<\/span><\/a><\/p>\n","protected":false},"author":1,"featured_media":0,"parent":196,"menu_order":1,"comment_status":"closed","ping_status":"closed","template":"","meta":{"footnotes":""},"class_list":["post-202","page","type-page","status-publish","hentry"],"_links":{"self":[{"href":"https:\/\/www.krgprojects.com\/index.php\/wp-json\/wp\/v2\/pages\/202","targetHints":{"allow":["GET"]}}],"collection":[{"href":"https:\/\/www.krgprojects.com\/index.php\/wp-json\/wp\/v2\/pages"}],"about":[{"href":"https:\/\/www.krgprojects.com\/index.php\/wp-json\/wp\/v2\/types\/page"}],"author":[{"embeddable":true,"href":"https:\/\/www.krgprojects.com\/index.php\/wp-json\/wp\/v2\/users\/1"}],"replies":[{"embeddable":true,"href":"https:\/\/www.krgprojects.com\/index.php\/wp-json\/wp\/v2\/comments?post=202"}],"version-history":[{"count":6,"href":"https:\/\/www.krgprojects.com\/index.php\/wp-json\/wp\/v2\/pages\/202\/revisions"}],"predecessor-version":[{"id":504,"href":"https:\/\/www.krgprojects.com\/index.php\/wp-json\/wp\/v2\/pages\/202\/revisions\/504"}],"up":[{"embeddable":true,"href":"https:\/\/www.krgprojects.com\/index.php\/wp-json\/wp\/v2\/pages\/196"}],"wp:attachment":[{"href":"https:\/\/www.krgprojects.com\/index.php\/wp-json\/wp\/v2\/media?parent=202"}],"curies":[{"name":"wp","href":"https:\/\/api.w.org\/{rel}","templated":true}]}}