{"id":212,"date":"2022-05-30T22:49:34","date_gmt":"2022-05-30T20:49:29","guid":{"rendered":"https:\/\/www.krgprojects.com\/index.php\/henry13-votre-super-colocation-a-angers\/1er-etage\/chambre-1-2\/"},"modified":"2025-12-14T18:21:11","modified_gmt":"2025-12-14T17:21:11","slug":"buanderie","status":"publish","type":"page","link":"https:\/\/www.krgprojects.com\/index.php\/visite-par-piece\/1er-etage\/buanderie\/","title":{"rendered":"Buanderie"},"content":{"rendered":"\n<p>Cette pi\u00e8ce contient une table haute avec 2 chaises, pour travailler \u00e0 2, ainsi qu&rsquo;une table et un fer \u00e0 repasser, un tancarville, un v\u00e9lo elliptique et plusieurs halt\u00e8res. <\/p>\n\n\n\n<figure class=\"wp-block-gallery has-nested-images columns-default is-cropped wp-block-gallery-1 is-layout-flex wp-block-gallery-is-layout-flex\">\n<figure class=\"wp-block-image size-large\"><img loading=\"lazy\" decoding=\"async\" width=\"768\" height=\"1024\" data-id=\"267\" src=\"https:\/\/www.krgprojects.com\/wp-content\/uploads\/2022\/06\/IMG_1123-768x1024.jpg\" alt=\"\" class=\"wp-image-267\" srcset=\"https:\/\/www.krgprojects.com\/wp-content\/uploads\/2022\/06\/IMG_1123-768x1024.jpg 768w, https:\/\/www.krgprojects.com\/wp-content\/uploads\/2022\/06\/IMG_1123-225x300.jpg 225w, https:\/\/www.krgprojects.com\/wp-content\/uploads\/2022\/06\/IMG_1123-1152x1536.jpg 1152w, https:\/\/www.krgprojects.com\/wp-content\/uploads\/2022\/06\/IMG_1123-1536x2048.jpg 1536w, https:\/\/www.krgprojects.com\/wp-content\/uploads\/2022\/06\/IMG_1123-2000x2667.jpg 2000w, https:\/\/www.krgprojects.com\/wp-content\/uploads\/2022\/06\/IMG_1123-scaled.jpg 1920w\" sizes=\"auto, (max-width: 768px) 100vw, 768px\" \/><\/figure>\n<\/figure>\n","protected":false},"excerpt":{"rendered":"<p>Cette pi\u00e8ce contient une table haute avec 2 chaises, pour travailler \u00e0 2, ainsi qu&rsquo;une table et un fer \u00e0 repasser, un tancarville, un v\u00e9lo elliptique et plusieurs halt\u00e8res.<\/p>\n","protected":false},"author":1,"featured_media":0,"parent":194,"menu_order":1,"comment_status":"closed","ping_status":"closed","template":"","meta":{"footnotes":""},"class_list":["post-212","page","type-page","status-publish","hentry"],"_links":{"self":[{"href":"https:\/\/www.krgprojects.com\/index.php\/wp-json\/wp\/v2\/pages\/212","targetHints":{"allow":["GET"]}}],"collection":[{"href":"https:\/\/www.krgprojects.com\/index.php\/wp-json\/wp\/v2\/pages"}],"about":[{"href":"https:\/\/www.krgprojects.com\/index.php\/wp-json\/wp\/v2\/types\/page"}],"author":[{"embeddable":true,"href":"https:\/\/www.krgprojects.com\/index.php\/wp-json\/wp\/v2\/users\/1"}],"replies":[{"embeddable":true,"href":"https:\/\/www.krgprojects.com\/index.php\/wp-json\/wp\/v2\/comments?post=212"}],"version-history":[{"count":5,"href":"https:\/\/www.krgprojects.com\/index.php\/wp-json\/wp\/v2\/pages\/212\/revisions"}],"predecessor-version":[{"id":486,"href":"https:\/\/www.krgprojects.com\/index.php\/wp-json\/wp\/v2\/pages\/212\/revisions\/486"}],"up":[{"embeddable":true,"href":"https:\/\/www.krgprojects.com\/index.php\/wp-json\/wp\/v2\/pages\/194"}],"wp:attachment":[{"href":"https:\/\/www.krgprojects.com\/index.php\/wp-json\/wp\/v2\/media?parent=212"}],"curies":[{"name":"wp","href":"https:\/\/api.w.org\/{rel}","templated":true}]}}