{"id":214,"date":"2022-05-30T22:50:34","date_gmt":"2022-05-30T20:50:06","guid":{"rendered":"https:\/\/www.krgprojects.com\/index.php\/henry13-votre-super-colocation-a-angers\/1er-etage\/buanderie-2\/"},"modified":"2025-12-14T18:19:50","modified_gmt":"2025-12-14T17:19:50","slug":"sdb-1","status":"publish","type":"page","link":"https:\/\/www.krgprojects.com\/index.php\/visite-par-piece\/1er-etage\/sdb-1\/","title":{"rendered":"Salle de bains"},"content":{"rendered":"\n<p>La salle de bains du 1er est r\u00e9serv\u00e9e aux locataires du 1er. Elle comprend \u00e9galement un WC.<\/p>\n\n\n\n<figure class=\"wp-block-gallery has-nested-images columns-default is-cropped wp-block-gallery-1 is-layout-flex wp-block-gallery-is-layout-flex\">\n<figure class=\"wp-block-image size-large\"><img loading=\"lazy\" decoding=\"async\" width=\"1024\" height=\"768\" data-id=\"228\" src=\"https:\/\/www.krgprojects.com\/wp-content\/uploads\/2022\/05\/IMG_1205-1024x768.jpg\" alt=\"\" class=\"wp-image-228\" srcset=\"https:\/\/www.krgprojects.com\/wp-content\/uploads\/2022\/05\/IMG_1205-1024x768.jpg 1024w, https:\/\/www.krgprojects.com\/wp-content\/uploads\/2022\/05\/IMG_1205-300x225.jpg 300w, https:\/\/www.krgprojects.com\/wp-content\/uploads\/2022\/05\/IMG_1205-768x576.jpg 768w, https:\/\/www.krgprojects.com\/wp-content\/uploads\/2022\/05\/IMG_1205-1536x1152.jpg 1536w, https:\/\/www.krgprojects.com\/wp-content\/uploads\/2022\/05\/IMG_1205-2048x1536.jpg 2048w, https:\/\/www.krgprojects.com\/wp-content\/uploads\/2022\/05\/IMG_1205-2000x1500.jpg 2000w\" sizes=\"auto, (max-width: 1024px) 100vw, 1024px\" \/><\/figure>\n\n\n\n<figure class=\"wp-block-image size-large\"><img loading=\"lazy\" decoding=\"async\" width=\"768\" height=\"1024\" data-id=\"229\" src=\"https:\/\/www.krgprojects.com\/wp-content\/uploads\/2022\/05\/IMG_1207-768x1024.jpg\" alt=\"\" class=\"wp-image-229\" srcset=\"https:\/\/www.krgprojects.com\/wp-content\/uploads\/2022\/05\/IMG_1207-768x1024.jpg 768w, https:\/\/www.krgprojects.com\/wp-content\/uploads\/2022\/05\/IMG_1207-225x300.jpg 225w, https:\/\/www.krgprojects.com\/wp-content\/uploads\/2022\/05\/IMG_1207-1152x1536.jpg 1152w, https:\/\/www.krgprojects.com\/wp-content\/uploads\/2022\/05\/IMG_1207-1536x2048.jpg 1536w, https:\/\/www.krgprojects.com\/wp-content\/uploads\/2022\/05\/IMG_1207-2000x2667.jpg 2000w, https:\/\/www.krgprojects.com\/wp-content\/uploads\/2022\/05\/IMG_1207-scaled.jpg 1920w\" sizes=\"auto, (max-width: 768px) 100vw, 768px\" \/><\/figure>\n<\/figure>\n","protected":false},"excerpt":{"rendered":"<p>La salle de bains du 1er est r\u00e9serv\u00e9e aux locataires du 1er. Elle comprend \u00e9galement un WC.<\/p>\n","protected":false},"author":1,"featured_media":0,"parent":194,"menu_order":0,"comment_status":"closed","ping_status":"closed","template":"","meta":{"footnotes":""},"class_list":["post-214","page","type-page","status-publish","hentry"],"_links":{"self":[{"href":"https:\/\/www.krgprojects.com\/index.php\/wp-json\/wp\/v2\/pages\/214","targetHints":{"allow":["GET"]}}],"collection":[{"href":"https:\/\/www.krgprojects.com\/index.php\/wp-json\/wp\/v2\/pages"}],"about":[{"href":"https:\/\/www.krgprojects.com\/index.php\/wp-json\/wp\/v2\/types\/page"}],"author":[{"embeddable":true,"href":"https:\/\/www.krgprojects.com\/index.php\/wp-json\/wp\/v2\/users\/1"}],"replies":[{"embeddable":true,"href":"https:\/\/www.krgprojects.com\/index.php\/wp-json\/wp\/v2\/comments?post=214"}],"version-history":[{"count":10,"href":"https:\/\/www.krgprojects.com\/index.php\/wp-json\/wp\/v2\/pages\/214\/revisions"}],"predecessor-version":[{"id":484,"href":"https:\/\/www.krgprojects.com\/index.php\/wp-json\/wp\/v2\/pages\/214\/revisions\/484"}],"up":[{"embeddable":true,"href":"https:\/\/www.krgprojects.com\/index.php\/wp-json\/wp\/v2\/pages\/194"}],"wp:attachment":[{"href":"https:\/\/www.krgprojects.com\/index.php\/wp-json\/wp\/v2\/media?parent=214"}],"curies":[{"name":"wp","href":"https:\/\/api.w.org\/{rel}","templated":true}]}}