{"id":352,"date":"2022-06-02T10:12:10","date_gmt":"2022-06-02T08:12:10","guid":{"rendered":"https:\/\/www.krgprojects.com\/?page_id=352"},"modified":"2025-12-14T18:54:02","modified_gmt":"2025-12-14T17:54:02","slug":"localisation","status":"publish","type":"page","link":"https:\/\/www.krgprojects.com\/index.php\/localisation\/","title":{"rendered":"Localisation"},"content":{"rendered":"\n<p>La colocation est situ\u00e9e rue Henry Gr\u00e9ville \u00e0 Angers.<\/p>\n\n\n\n<figure class=\"wp-block-image size-large\"><img loading=\"lazy\" decoding=\"async\" width=\"1024\" height=\"510\" src=\"https:\/\/www.krgprojects.com\/wp-content\/uploads\/2025\/12\/13-rue-henri-greville-map-1024x510.png\" alt=\"\" class=\"wp-image-514\" srcset=\"https:\/\/www.krgprojects.com\/wp-content\/uploads\/2025\/12\/13-rue-henri-greville-map-1024x510.png 1024w, https:\/\/www.krgprojects.com\/wp-content\/uploads\/2025\/12\/13-rue-henri-greville-map-300x149.png 300w, https:\/\/www.krgprojects.com\/wp-content\/uploads\/2025\/12\/13-rue-henri-greville-map-768x382.png 768w, https:\/\/www.krgprojects.com\/wp-content\/uploads\/2025\/12\/13-rue-henri-greville-map-1536x765.png 1536w, https:\/\/www.krgprojects.com\/wp-content\/uploads\/2025\/12\/13-rue-henri-greville-map-2048x1020.png 2048w, https:\/\/www.krgprojects.com\/wp-content\/uploads\/2025\/12\/13-rue-henri-greville-map-2000x996.png 2000w\" sizes=\"auto, (max-width: 1024px) 100vw, 1024px\" \/><\/figure>\n\n\n\n<h2 class=\"wp-block-heading\">A combien de temps suis-je des \u00e9coles et des facs ?<\/h2>\n\n\n\n<ul class=\"wp-block-list\">\n<li>de l&rsquo;UCO : 15 min \u00e0 pied, 5 min \u00e0 v\u00e9lo<\/li>\n\n\n\n<li>de l&rsquo;ESA : 15 min \u00e0 pied, 5 min \u00e0 v\u00e9lo<\/li>\n\n\n\n<li>du campus de Belle-beille : 25 min \u00e0 v\u00e9lo, 35 min en bus<\/li>\n\n\n\n<li>de l&rsquo;ESEO : 15 min (\u00e0 pied + tram), 15 min \u00e0 v\u00e9lo<\/li>\n\n\n\n<li>de la fac de m\u00e9decine\/pharmacie\/dentaire : 15 min (\u00e0 pied + tram), 15 min \u00e0 v\u00e9lo<\/li>\n<\/ul>\n\n\n\n<h2 class=\"wp-block-heading\">A combien de temps suis-je des lieux de vie ?<\/h2>\n\n\n\n<ul class=\"wp-block-list\">\n<li>de la place du ralliement (le point central d&rsquo;Angers) : 15 min \u00e0 pied<\/li>\n\n\n\n<li>du tram (pour aller \u00e0 la fac de m\u00e9decine ou l&rsquo;ESEO) : 10 min \u00e0 pied<\/li>\n\n\n\n<li>du bd Foch (hypercentre) : 10 min \u00e0 pied<\/li>\n\n\n\n<li>du jardin du mail (parfait pour d\u00e9marrer un footing) : 1 min \u00e0 pied<\/li>\n\n\n\n<li>de la gare : 15 min \u00e0 pied, 5 min \u00e0 v\u00e9lo<\/li>\n<\/ul>\n\n\n\n<h2 class=\"wp-block-heading\">O\u00f9 faire ses courses ?<\/h2>\n\n\n\n<ul class=\"wp-block-list\">\n<li>Place du lyc\u00e9e : 5 min \u00e0 pied\n<ul class=\"wp-block-list\">\n<li>boulangerie<\/li>\n\n\n\n<li>sup\u00e9rette (de d\u00e9pannage)<\/li>\n\n\n\n<li>traiteur\/fromager\/chocolatier\/marchand de vin<\/li>\n\n\n\n<li>caf\u00e9<\/li>\n<\/ul>\n<\/li>\n<\/ul>\n\n\n\n<h2 class=\"wp-block-heading\">O\u00f9 se garer ?<\/h2>\n\n\n\n<p>Il n&rsquo;y a pas de places de parking attitr\u00e9es. En revanche, le stationnement est gratuit. En fonction de vos horaires, il faut parfois faire le tour du quartier&#8230;<\/p>\n\n\n\n<p>Vous pouvez mettre votre v\u00e9lo (sauf les v\u00e9los cargos \ud83d\ude09 ) dans l&rsquo;entr\u00e9e de la colocation le long de l&rsquo;escalier.<\/p>\n","protected":false},"excerpt":{"rendered":"<p>La colocation est situ\u00e9e rue Henry Gr\u00e9ville \u00e0 Angers. A combien de temps suis-je des \u00e9coles et des facs ? A combien de temps suis-je des lieux de vie ? O\u00f9 faire ses courses ? O\u00f9 se garer ? Il n&rsquo;y a pas de places de parking attitr\u00e9es. En revanche, le stationnement est gratuit. En &hellip; <\/p>\n<p class=\"link-more\"><a href=\"https:\/\/www.krgprojects.com\/index.php\/localisation\/\" class=\"more-link\">Lire la suite de<span class=\"screen-reader-text\">\u00ab\u00a0Localisation\u00a0\u00bb<\/span><\/a><\/p>\n","protected":false},"author":1,"featured_media":0,"parent":0,"menu_order":4,"comment_status":"closed","ping_status":"closed","template":"","meta":{"footnotes":""},"class_list":["post-352","page","type-page","status-publish","hentry"],"_links":{"self":[{"href":"https:\/\/www.krgprojects.com\/index.php\/wp-json\/wp\/v2\/pages\/352","targetHints":{"allow":["GET"]}}],"collection":[{"href":"https:\/\/www.krgprojects.com\/index.php\/wp-json\/wp\/v2\/pages"}],"about":[{"href":"https:\/\/www.krgprojects.com\/index.php\/wp-json\/wp\/v2\/types\/page"}],"author":[{"embeddable":true,"href":"https:\/\/www.krgprojects.com\/index.php\/wp-json\/wp\/v2\/users\/1"}],"replies":[{"embeddable":true,"href":"https:\/\/www.krgprojects.com\/index.php\/wp-json\/wp\/v2\/comments?post=352"}],"version-history":[{"count":11,"href":"https:\/\/www.krgprojects.com\/index.php\/wp-json\/wp\/v2\/pages\/352\/revisions"}],"predecessor-version":[{"id":515,"href":"https:\/\/www.krgprojects.com\/index.php\/wp-json\/wp\/v2\/pages\/352\/revisions\/515"}],"wp:attachment":[{"href":"https:\/\/www.krgprojects.com\/index.php\/wp-json\/wp\/v2\/media?parent=352"}],"curies":[{"name":"wp","href":"https:\/\/api.w.org\/{rel}","templated":true}]}}