{"id":378,"date":"2022-06-02T16:59:05","date_gmt":"2022-06-02T14:59:05","guid":{"rendered":"https:\/\/www.krgprojects.com\/index.php\/mentions-legales\/"},"modified":"2022-06-02T17:02:28","modified_gmt":"2022-06-02T15:02:28","slug":"mentions-legales","status":"publish","type":"page","link":"https:\/\/www.krgprojects.com\/index.php\/legal\/mentions-legales\/","title":{"rendered":"Mentions l\u00e9gales"},"content":{"rendered":"\n<h3 class=\"wp-block-heading\">Responsable \u00e9ditorial<\/h3>\n\n\n\n<p>Ce site est \u00e9dit\u00e9 par SCI K&amp;R Projects<\/p>\n\n\n\n<ul class=\"wp-block-list\"><li><strong>N\u00b0 de SIRET<\/strong> : 908 370 901 00013<\/li><li><strong>Directeur de publication<\/strong> : Jean-Christophe Kermagoret<\/li><\/ul>\n\n\n\n<p>Adresse :<\/p>\n\n\n\n<ul class=\"wp-block-list\"><li>K&amp;R Projects<\/li><li>3 avenue de la prime<\/li><li>44 100 Nantes<\/li><li>France<\/li><\/ul>\n\n\n\n<p>Vous pouvez nous contacter :<\/p>\n\n\n\n<ul class=\"wp-block-list\"><li>par m\u00e9l : contact@krgprojects.com<\/li><\/ul>\n\n\n\n<h3 class=\"wp-block-heading\">H\u00e9bergeur<\/h3>\n\n\n\n<p>L\u2019h\u00e9bergement est assur\u00e9e par la soci\u00e9t\u00e9 GANDI SAS.<\/p>\n\n\n\n<p>Adresse :<\/p>\n\n\n\n<ul class=\"wp-block-list\"><li>Gandi SAS<\/li><li>63, 65 Boulevard Massena<\/li><li>75 013 Paris<\/li><li>France<\/li><\/ul>\n\n\n\n<p>Vous pouvez la contacter :<\/p>\n\n\n\n<ul class=\"wp-block-list\"><li>par t\u00e9l : +33 1 70 37 76 61<\/li><\/ul>\n\n\n\n<p><\/p>\n","protected":false},"excerpt":{"rendered":"<p>Responsable \u00e9ditorial Ce site est \u00e9dit\u00e9 par SCI K&amp;R Projects N\u00b0 de SIRET : 908 370 901 00013 Directeur de publication : Jean-Christophe Kermagoret Adresse : K&amp;R Projects 3 avenue de la prime 44 100 Nantes France Vous pouvez nous contacter : par m\u00e9l : contact@krgprojects.com H\u00e9bergeur L\u2019h\u00e9bergement est assur\u00e9e par la soci\u00e9t\u00e9 GANDI SAS. &hellip; <\/p>\n<p class=\"link-more\"><a href=\"https:\/\/www.krgprojects.com\/index.php\/legal\/mentions-legales\/\" class=\"more-link\">Lire la suite de<span class=\"screen-reader-text\">\u00ab\u00a0Mentions l\u00e9gales\u00a0\u00bb<\/span><\/a><\/p>\n","protected":false},"author":1,"featured_media":0,"parent":376,"menu_order":0,"comment_status":"closed","ping_status":"closed","template":"","meta":{"footnotes":""},"class_list":["post-378","page","type-page","status-publish","hentry"],"_links":{"self":[{"href":"https:\/\/www.krgprojects.com\/index.php\/wp-json\/wp\/v2\/pages\/378","targetHints":{"allow":["GET"]}}],"collection":[{"href":"https:\/\/www.krgprojects.com\/index.php\/wp-json\/wp\/v2\/pages"}],"about":[{"href":"https:\/\/www.krgprojects.com\/index.php\/wp-json\/wp\/v2\/types\/page"}],"author":[{"embeddable":true,"href":"https:\/\/www.krgprojects.com\/index.php\/wp-json\/wp\/v2\/users\/1"}],"replies":[{"embeddable":true,"href":"https:\/\/www.krgprojects.com\/index.php\/wp-json\/wp\/v2\/comments?post=378"}],"version-history":[{"count":2,"href":"https:\/\/www.krgprojects.com\/index.php\/wp-json\/wp\/v2\/pages\/378\/revisions"}],"predecessor-version":[{"id":383,"href":"https:\/\/www.krgprojects.com\/index.php\/wp-json\/wp\/v2\/pages\/378\/revisions\/383"}],"up":[{"embeddable":true,"href":"https:\/\/www.krgprojects.com\/index.php\/wp-json\/wp\/v2\/pages\/376"}],"wp:attachment":[{"href":"https:\/\/www.krgprojects.com\/index.php\/wp-json\/wp\/v2\/media?parent=378"}],"curies":[{"name":"wp","href":"https:\/\/api.w.org\/{rel}","templated":true}]}}