{"id":380,"date":"2022-06-02T16:59:05","date_gmt":"2022-06-02T14:59:05","guid":{"rendered":"https:\/\/www.krgprojects.com\/index.php\/cookies\/"},"modified":"2022-06-02T17:16:00","modified_gmt":"2022-06-02T15:16:00","slug":"cookies","status":"publish","type":"page","link":"https:\/\/www.krgprojects.com\/index.php\/legal\/cookies\/","title":{"rendered":"Politique de confidentialit\u00e9"},"content":{"rendered":"\n<p>Version applicable \u00e0 partir du 2 juin 2022<\/p>\n\n\n\n<p>Cette politique de confidentialit\u00e9 a vocation de vous informer de la m\u00e9thode ainsi que des conditions dans lesquelles K&amp;R Projects, ci-apr\u00e8s d\u00e9nomm\u00e9e la Soci\u00e9t\u00e9, recueille et traite vos informations personnelles par l\u2019interm\u00e9diaire du site internet, dont l\u2019adresse est\u00a0 <a href=\"https:\/\/www.krgprojects.com\">https:\/\/www.krgprojects.com<\/a>, ci-apr\u00e8s d\u00e9nomm\u00e9 le Site.<\/p>\n\n\n\n<p>Ces r\u00e8gles s\u2019appliqueront \u00e0 toutes les informations personnelles vous concernant qui seront collect\u00e9es via la consultation et l\u2019utilisation du Site.<\/p>\n\n\n\n<p>Le terme informations personnelles d\u00e9signe toute donn\u00e9e qui pourrait raisonnablement permettre de vous identifier.<\/p>\n\n\n\n<h2 class=\"wp-block-heading\" id=\"h-article-1-les-informations-personnelles-que-nous-collectons\"><strong>Article 1 \u2013 Les informations personnelles que nous collectons<\/strong><\/h2>\n\n\n\n<p>La Soci\u00e9t\u00e9 recueille uniquement les donn\u00e9es n\u00e9cessaires \u00e0 la bonne mise en \u0153uvre des services propos\u00e9s. Ces informations personnelles peuvent notamment \u00eatre collect\u00e9es depuis les formulaires du Site.<\/p>\n\n\n\n<p>Plusieurs cat\u00e9gories d\u2019informations sont recueillies lors de votre utilisation du Site :<\/p>\n\n\n\n<ul class=\"wp-block-list\"><li>Des informations concernant votre utilisation du Site. A savoir, l\u2019URL des liens par l\u2019interm\u00e9diaire desquels l\u2019utilisateur a acc\u00e9d\u00e9 au Site, le fournisseur d\u2019acc\u00e8s de l\u2019utilisateur, ainsi que l\u2019adresse de protocole internet (IP) de l\u2019utilisateur.<\/li><li>Des informations \u00e0 caract\u00e8re personnel, mais uniquement n\u00e9cessaires \u00e0 la r\u00e9ponse \u00e0 votre demande, et que vous fournissez. Cela comprend : civilit\u00e9, nom, pr\u00e9nom, adresse postale, email, num\u00e9ro de t\u00e9l\u00e9phone ainsi que le descriptif des caract\u00e9ristiques attendues pour les prestations demand\u00e9es.<\/li><\/ul>\n\n\n\n<p>Aucunes donn\u00e9es bancaires et financi\u00e8res ni aucunes donn\u00e9es dites sensibles (origine, opinion politique, opinion religieuse ou donn\u00e9es g\u00e9n\u00e9tiques) ne seront demand\u00e9es lors de l\u2019utilisation de ce Site par l\u2019utilisateur.<\/p>\n\n\n\n<p>La Soci\u00e9t\u00e9 s\u2019engage ainsi \u00e0 ne collecter que les informations strictement n\u00e9cessaires \u00e0 la bonne fonctionnalit\u00e9 du Site et au bon traitement de la demande de l\u2019utilisateur.<\/p>\n\n\n\n<h2 class=\"wp-block-heading\" id=\"h-article-2-l-utilisation-faite-de-vos-donnees-personnelles\"><strong>Article 2 \u2013 L\u2019utilisation faite de vos donn\u00e9es personnelles<\/strong><\/h2>\n\n\n\n<p>La Soci\u00e9t\u00e9 utilise les informations personnelles collect\u00e9es afin de fournir et am\u00e9liorer le service propos\u00e9 sur le Site. L\u2019utilisation des donn\u00e9es personnelles ne d\u00e9passera pas le cadre de l\u2019ex\u00e9cution des services propos\u00e9s par la Soci\u00e9t\u00e9.<\/p>\n\n\n\n<p>Les utilisations des donn\u00e9es personnelles consisteront uniquement \u00e0 vous contacter afin d\u2019assurer un suivi de votre demande et \u00e0 r\u00e9pondre \u00e0 votre besoin.<\/p>\n\n\n\n<p>Leur utilisation se fait conform\u00e9ment \u00e0 la loi du 6 janvier 1978 relative \u00e0 l\u2019informatique, aux fichiers et aux libert\u00e9s, ainsi que dans le cadre du R\u00e8glement europ\u00e9en G\u00e9n\u00e9ral sur la Protection des Donn\u00e9es du 27 avril 2016.<\/p>\n\n\n\n<p>La Soci\u00e9t\u00e9 s\u2019engage \u00e0 mettre tous les moyens possibles en \u0153uvre afin d\u2019assurer la s\u00e9curit\u00e9 de vos donn\u00e9es personnelles. Cependant aucun syst\u00e8me d\u2019information n\u2019est totalement s\u00e9curis\u00e9, il est donc impossible de garantir la s\u00e9curit\u00e9 absolue de vos informations.<\/p>\n\n\n\n<h2 class=\"wp-block-heading\" id=\"h-article-3-les-destinataires-de-vos-donnees-personnelles\"><strong>Article 3 \u2013 Les destinataires de vos donn\u00e9es personnelles<\/strong><\/h2>\n\n\n\n<p>La Soci\u00e9t\u00e9 s\u2019engage \u00e0 ne transf\u00e9rer vos donn\u00e9es qu\u2019\u00e0 son r\u00e9seau de professionnels sp\u00e9cialis\u00e9s dans la gestion locative.<\/p>\n\n\n\n<p>Cet \u00e9change n\u2019aura lieu que dans l\u2019objectif d\u2019apporter une solution \u00e0 vos projets. Les donn\u00e9es collect\u00e9es ne feront jamais l\u2019objet d\u2019un transfert \u00e0 d\u2019autres fins que celles indiqu\u00e9es dans le pr\u00e9sent texte, sans votre consentement expr\u00e8s.<\/p>\n\n\n\n<p>Vos informations personnelles pourront \u00e9galement \u00eatre partag\u00e9es dans les cas o\u00f9 la loi l\u2019exige. En effet, la Soci\u00e9t\u00e9 peut \u00eatre amen\u00e9e \u00e0 communiquer vos donn\u00e9es personnelles \u00e0 des autorit\u00e9s judiciaires, des tribunaux, des autorit\u00e9s gouvernementales ou d\u2019autres tiers lorsque cela r\u00e9pond \u00e0 une obligation l\u00e9gale ou r\u00e9glementaire.<\/p>\n\n\n\n<h2 class=\"wp-block-heading\" id=\"h-article-4-vos-droits\"><strong>Article 4 \u2013 Vos droits<\/strong><\/h2>\n\n\n\n<p>Conform\u00e9ment aux dispositions des articles 38 et suivants de la loi 78-17 du 6 janvier 1978 relative \u00e0 l\u2019informatique, aux fichiers et aux libert\u00e9s, tout utilisateur d\u00e9tient des droits sur ses donn\u00e9es personnelles. Il s\u2019agit notamment de pouvoir :<\/p>\n\n\n\n<ul class=\"wp-block-list\"><li>Avoir acc\u00e8s \u00e0 l\u2019ensemble de ses donn\u00e9es ;<\/li><li>Rectifier, d\u2019actualiser et de supprimer ses donn\u00e9es ;<\/li><li>Limiter ou s\u2019opposer \u00e0 l\u2019utilisation de ses donn\u00e9es ;<\/li><li>Recevoir une copie des donn\u00e9es d\u00e9tenues.<\/li><\/ul>\n\n\n\n<p>Pour cela il sera n\u00e9cessaire d\u2019effectuer une demande :<\/p>\n\n\n\n<ul class=\"wp-block-list\"><li>Par mail \u00e0 rgpd@krgprojects.com<\/li><li>Par voie postale en nous faisant parvenir votre courrier \u00e0 l\u2019adresse suivante :<ul><li>K&amp;R Projects<\/li><li>3, avenue de la prime<\/li><li>44100 Nantes<\/li><\/ul><\/li><\/ul>\n\n\n\n<p>Veuillez noter que la Soci\u00e9t\u00e9 pourra avoir besoin d\u2019informations compl\u00e9mentaires de votre part afin de r\u00e9aliser votre demande.<\/p>\n\n\n\n<h2 class=\"wp-block-heading\" id=\"h-article-5-utilisation-des-cookies\"><strong>Article 5 \u2013 Utilisation des cookies<\/strong><\/h2>\n\n\n\n<p>Les cookies sont des fichiers textes d\u00e9pos\u00e9s sur le disque dur de l\u2019utilisateur par le serveur du Site. Ce dernier ne permet pas d\u2019identifier l\u2019utilisateur mais de recueillir des informations relatives \u00e0 la machine avec laquelle l\u2019utilisateur se rend sur le Site. Les donn\u00e9es obtenues ont pour objectif de faciliter la navigation ult\u00e9rieure sur ce Site.<\/p>\n\n\n\n<p>Refuser l\u2019installation d\u2019un cookie peut emp\u00eacher l\u2019utilisateur d\u2019acc\u00e9der au Site ou \u00e0 certains de ses services. L\u2019utilisateur a tout de m\u00eame la possibilit\u00e9 de configurer son ordinateur comme suit afin de refuser l\u2019installation des cookies sur son ordinateur :<\/p>\n\n\n\n<ul class=\"wp-block-list\"><li>Sous Internet Explorer : Dans l\u2019onglet \u00aboutil\u00bb (pictogramme en forme de rouage situ\u00e9 en haut \u00e0 droite de votre \u00e9cran), cliquez sur \u00aboption internet\u00bb. Allez ensuite dans \u00abConfidentialit\u00e9\u00bb et choisissez \u00abBloquez tous les cookies\u00bb. Validez.<\/li><li>Sous Firefox : Cliquez sur le bouton Firefox se trouvant en haut de la fen\u00eatre du navigateur. Puis allez dans l\u2019onglet \u00abOption\u00bb, puis dans \u00abVie priv\u00e9e\u00bb. Param\u00e9trez ensuite les r\u00e8gles de conservation sur \u00abutiliser les param\u00e8tres personnalis\u00e9s pour l\u2019historique\u00bb. Enfin, d\u00e9cochez-le pour d\u00e9sactiver les cookies.<\/li><li>Sous Safari : Cliquez sur le pictogramme de menu symbolis\u00e9 par un rouage, en haut \u00e0 droite du navigateur. S\u00e9lectionnez \u00abParam\u00e8tres\u00bb, puis rendez-vous dans les param\u00e8tres avanc\u00e9s. Dans la section \u00abConfidentialit\u00e9\u00bb allez sur \u00abParam\u00e8tres du contenue\u00bb. De l\u00e0, allez dans la section \u00abCookies\u00bb afin de les bloquer.<\/li><li>Sous Chrome : Cliquez sur le pictogramme du menu symbolis\u00e9 par trois lignes horizontales, en haut \u00e0 droite du navigateur. S\u00e9lectionnez \u00abParam\u00e8tres\u00bb. Cliquez ensuite sur \u00abAfficher les param\u00e8tres avanc\u00e9s\u00bb. Puis dans la section \u00abConfidentialit\u00e9\u00bb cliquez sur \u00abPr\u00e9f\u00e9rences\u00bb, de l\u00e0 vous pourrez bloquer les cookies.<\/li><\/ul>\n\n\n\n<p>L\u2019utilisation du Site est susceptible d\u2019engendrer l\u2019installation de cookies sur votre ordinateur.<\/p>\n\n\n\n<h2 class=\"wp-block-heading\" id=\"h-article-6-nous-contacter\"><strong>Article 6 \u2013 Nous contacter<\/strong><\/h2>\n\n\n\n<p>La Soci\u00e9t\u00e9 est le responsable des informations personnelles qui sont recueillies et trait\u00e9es. La soci\u00e9t\u00e9 est repr\u00e9sent\u00e9e par son Directeur Monsieur Jean-Christophe Kermagoret.<\/p>\n\n\n\n<p>Si vous avez des questions ou inqui\u00e9tudes quant \u00e0 l\u2019utilisation de vos informations personnelles, vous \u00eates libre de nous contacter :<\/p>\n\n\n\n<ul class=\"wp-block-list\"><li>Par mail \u00e0 rgpd@krgprojects.com<\/li><li>Par voie postale en nous faisant parvenir votre courrier \u00e0 l\u2019adresse suivante :<ul><li>K&amp;R Projects<\/li><li>3, avenue de la prime<\/li><li>44100 Nantes<\/li><\/ul><\/li><\/ul>\n","protected":false},"excerpt":{"rendered":"<p>Version applicable \u00e0 partir du 2 juin 2022 Cette politique de confidentialit\u00e9 a vocation de vous informer de la m\u00e9thode ainsi que des conditions dans lesquelles K&amp;R Projects, ci-apr\u00e8s d\u00e9nomm\u00e9e la Soci\u00e9t\u00e9, recueille et traite vos informations personnelles par l\u2019interm\u00e9diaire du site internet, dont l\u2019adresse est\u00a0 https:\/\/www.krgprojects.com, ci-apr\u00e8s d\u00e9nomm\u00e9 le Site. Ces r\u00e8gles s\u2019appliqueront \u00e0 &hellip; <\/p>\n<p class=\"link-more\"><a href=\"https:\/\/www.krgprojects.com\/index.php\/legal\/cookies\/\" class=\"more-link\">Lire la suite de<span class=\"screen-reader-text\">\u00ab\u00a0Politique de confidentialit\u00e9\u00a0\u00bb<\/span><\/a><\/p>\n","protected":false},"author":1,"featured_media":0,"parent":376,"menu_order":1,"comment_status":"closed","ping_status":"closed","template":"","meta":{"footnotes":""},"class_list":["post-380","page","type-page","status-publish","hentry"],"_links":{"self":[{"href":"https:\/\/www.krgprojects.com\/index.php\/wp-json\/wp\/v2\/pages\/380","targetHints":{"allow":["GET"]}}],"collection":[{"href":"https:\/\/www.krgprojects.com\/index.php\/wp-json\/wp\/v2\/pages"}],"about":[{"href":"https:\/\/www.krgprojects.com\/index.php\/wp-json\/wp\/v2\/types\/page"}],"author":[{"embeddable":true,"href":"https:\/\/www.krgprojects.com\/index.php\/wp-json\/wp\/v2\/users\/1"}],"replies":[{"embeddable":true,"href":"https:\/\/www.krgprojects.com\/index.php\/wp-json\/wp\/v2\/comments?post=380"}],"version-history":[{"count":2,"href":"https:\/\/www.krgprojects.com\/index.php\/wp-json\/wp\/v2\/pages\/380\/revisions"}],"predecessor-version":[{"id":385,"href":"https:\/\/www.krgprojects.com\/index.php\/wp-json\/wp\/v2\/pages\/380\/revisions\/385"}],"up":[{"embeddable":true,"href":"https:\/\/www.krgprojects.com\/index.php\/wp-json\/wp\/v2\/pages\/376"}],"wp:attachment":[{"href":"https:\/\/www.krgprojects.com\/index.php\/wp-json\/wp\/v2\/media?parent=380"}],"curies":[{"name":"wp","href":"https:\/\/api.w.org\/{rel}","templated":true}]}}